{"id":4003,"date":"2017-07-11T15:03:43","date_gmt":"2017-07-11T13:03:43","guid":{"rendered":"https:\/\/old.urbietorbi.gr\/washbasin\/?lang=it"},"modified":"2023-10-19T10:53:27","modified_gmt":"2023-10-19T08:53:27","slug":"lavabo-in-cemento","status":"publish","type":"page","link":"https:\/\/old.urbietorbi.gr\/it\/products\/lavabo-in-cemento\/","title":{"rendered":"Bagno"},"content":{"rendered":"<div class=\"wpb-content-wrapper\"><p>[vc_row row_height_percent=&#8221;0&#8243; overlay_alpha=&#8221;50&#8243; gutter_size=&#8221;3&#8243; shift_y=&#8221;0&#8243; el_class=&#8221;.slanted-row-sec&#8221;][vc_column width=&#8221;1\/1&#8243;][vc_column_text uncode_shortcode_id=&#8221;883197&#8243;]<\/p>\n<p style=\"text-align: center;\">I lavabi o i lavandini in cemento sono un&#8217;aggiunta unica e contemporanea al mondo dei sanitari e dell&#8217;interior design. Realizzati in calcestruzzo di alta qualit\u00e0, durano a lungo e richiedono poca manutenzione. Lavabi a parete, da appoggio o integrati, nonch\u00e9 in una variet\u00e0 di colori, sfogliate la collezione bagno Urbi et Orbi qui sotto per saperne di pi\u00f9.<\/p>\n<p>[\/vc_column_text][uncode_index el_id=&#8221;index-1198067&#8243; loop=&#8221;size:all|order_by:menu_order|order:ASC|post_type:portfolio|tax_query:5&#8243; screen_lg=&#8221;1000&#8243; screen_md=&#8221;600&#8243; screen_sm=&#8221;480&#8243; gutter_size=&#8221;3&#8243; portfolio_items=&#8221;title,media|featured|onpost|original,text|excerpt&#8221; infinite=&#8221;yes&#8221; single_overlay_opacity=&#8221;75&#8243; single_h_align=&#8221;center&#8221; single_padding=&#8221;2&#8243; single_text_reduced=&#8221;yes&#8221; single_title_dimension=&#8221;h3&#8243; single_border=&#8221;yes&#8221;][\/vc_column][\/vc_row]<\/p>\n<\/div>","protected":false},"excerpt":{"rendered":"<p>[vc_row row_height_percent=&#8221;0&#8243; overlay_alpha=&#8221;50&#8243; gutter_size=&#8221;3&#8243; shift_y=&#8221;0&#8243; el_class=&#8221;.slanted-row-sec&#8221;][vc_column width=&#8221;1\/1&#8243;][vc_column_text uncode_shortcode_id=&#8221;883197&#8243;] I lavabi o i lavandini in cemento sono un&#8217;aggiunta unica e contemporanea [&hellip;]<\/p>\n","protected":false},"author":1,"featured_media":0,"parent":3961,"menu_order":0,"comment_status":"closed","ping_status":"closed","template":"","meta":{"footnotes":""},"class_list":["post-4003","page","type-page","status-publish","hentry","page_category-cat_gen-it"],"_links":{"self":[{"href":"https:\/\/old.urbietorbi.gr\/it\/wp-json\/wp\/v2\/pages\/4003","targetHints":{"allow":["GET"]}}],"collection":[{"href":"https:\/\/old.urbietorbi.gr\/it\/wp-json\/wp\/v2\/pages"}],"about":[{"href":"https:\/\/old.urbietorbi.gr\/it\/wp-json\/wp\/v2\/types\/page"}],"author":[{"embeddable":true,"href":"https:\/\/old.urbietorbi.gr\/it\/wp-json\/wp\/v2\/users\/1"}],"replies":[{"embeddable":true,"href":"https:\/\/old.urbietorbi.gr\/it\/wp-json\/wp\/v2\/comments?post=4003"}],"version-history":[{"count":0,"href":"https:\/\/old.urbietorbi.gr\/it\/wp-json\/wp\/v2\/pages\/4003\/revisions"}],"up":[{"embeddable":true,"href":"https:\/\/old.urbietorbi.gr\/it\/wp-json\/wp\/v2\/pages\/3961"}],"wp:attachment":[{"href":"https:\/\/old.urbietorbi.gr\/it\/wp-json\/wp\/v2\/media?parent=4003"}],"curies":[{"name":"wp","href":"https:\/\/api.w.org\/{rel}","templated":true}]}}