{"id":3949,"date":"2017-12-19T13:18:34","date_gmt":"2017-12-19T11:18:34","guid":{"rendered":"https:\/\/old.urbietorbi.gr\/outdoor\/?lang=it"},"modified":"2023-09-05T04:25:01","modified_gmt":"2023-09-05T02:25:01","slug":"lampade-da-esterno-in-cemento","status":"publish","type":"page","link":"https:\/\/old.urbietorbi.gr\/it\/products\/illuminazione-in-cemento\/lampade-da-esterno-in-cemento\/","title":{"rendered":"esterno"},"content":{"rendered":"<div class=\"wpb-content-wrapper\"><p>[vc_row row_height_percent=&#8221;0&#8243; overlay_alpha=&#8221;50&#8243; gutter_size=&#8221;3&#8243; shift_y=&#8221;0&#8243; el_class=&#8221;.slanted-row-sec&#8221;][vc_column width=&#8221;1\/1&#8243;][vc_column_text css=&#8221;.vc_custom_1518129865094{padding-top: 50px !important;}&#8221;]<\/p>\n<p style=\"text-align: center;\">Il cemento \u00e8 un materiale straordinariamente resistente all\u2019azione corrosiva dei fenomeni meteorologici avversi. Ecco perch\u00e9 il cemento \u00e8 un materiale molto pi\u00f9 competitivo del metallo, della plastica ecc., che invecchiano in fretta e irreversibilmente. Sono queste virt\u00f9 del cemento, unite alla tecnologia delle sorgenti di luce a LED impermeabile, a rendere unica la nostra collezione. Scopri in basso le lampade da esterno impermeabili Urbi et Orbi.<\/p>\n<p>[\/vc_column_text][uncode_index el_id=&#8221;index-119809203&#8243; loop=&#8221;size:all|order_by:menu_order|order:ASC|post_type:portfolio|tax_query:82&#8243; infinite=&#8221;yes&#8221; infinite_button_outline=&#8221;yes&#8221; gutter_size=&#8221;3&#8243; portfolio_items=&#8221;title,media|featured|onpost|original,text|excerpt&#8221; screen_lg=&#8221;1000&#8243; screen_md=&#8221;600&#8243; screen_sm=&#8221;480&#8243; single_overlay_opacity=&#8221;75&#8243; single_h_align=&#8221;center&#8221; single_padding=&#8221;2&#8243; single_text_reduced=&#8221;yes&#8221; single_title_dimension=&#8221;h3&#8243; single_border=&#8221;yes&#8221; infinite_button_text=&#8221;load more&#8221;][\/vc_column][\/vc_row]<\/p>\n<\/div>","protected":false},"excerpt":{"rendered":"<p>[vc_row row_height_percent=&#8221;0&#8243; overlay_alpha=&#8221;50&#8243; gutter_size=&#8221;3&#8243; shift_y=&#8221;0&#8243; el_class=&#8221;.slanted-row-sec&#8221;][vc_column width=&#8221;1\/1&#8243;][vc_column_text css=&#8221;.vc_custom_1518129865094{padding-top: 50px !important;}&#8221;] Il cemento \u00e8 un materiale straordinariamente resistente all\u2019azione corrosiva dei [&hellip;]<\/p>\n","protected":false},"author":1,"featured_media":0,"parent":3937,"menu_order":0,"comment_status":"closed","ping_status":"closed","template":"","meta":{"footnotes":""},"class_list":["post-3949","page","type-page","status-publish","hentry","page_category-light-it"],"_links":{"self":[{"href":"https:\/\/old.urbietorbi.gr\/it\/wp-json\/wp\/v2\/pages\/3949","targetHints":{"allow":["GET"]}}],"collection":[{"href":"https:\/\/old.urbietorbi.gr\/it\/wp-json\/wp\/v2\/pages"}],"about":[{"href":"https:\/\/old.urbietorbi.gr\/it\/wp-json\/wp\/v2\/types\/page"}],"author":[{"embeddable":true,"href":"https:\/\/old.urbietorbi.gr\/it\/wp-json\/wp\/v2\/users\/1"}],"replies":[{"embeddable":true,"href":"https:\/\/old.urbietorbi.gr\/it\/wp-json\/wp\/v2\/comments?post=3949"}],"version-history":[{"count":0,"href":"https:\/\/old.urbietorbi.gr\/it\/wp-json\/wp\/v2\/pages\/3949\/revisions"}],"up":[{"embeddable":true,"href":"https:\/\/old.urbietorbi.gr\/it\/wp-json\/wp\/v2\/pages\/3937"}],"wp:attachment":[{"href":"https:\/\/old.urbietorbi.gr\/it\/wp-json\/wp\/v2\/media?parent=3949"}],"curies":[{"name":"wp","href":"https:\/\/api.w.org\/{rel}","templated":true}]}}