{"id":3855,"date":"2016-07-15T09:08:43","date_gmt":"2016-07-15T07:08:43","guid":{"rendered":"https:\/\/old.urbietorbi.gr\/about\/?lang=it"},"modified":"2023-09-05T11:42:36","modified_gmt":"2023-09-05T09:42:36","slug":"azienda","status":"publish","type":"page","link":"https:\/\/old.urbietorbi.gr\/it\/azienda\/","title":{"rendered":"AZIENDA"},"content":{"rendered":"<div class=\"wpb-content-wrapper\"><p>[vc_row unlock_row_content=&#8221;yes&#8221; row_height_percent=&#8221;60&#8243; override_padding=&#8221;yes&#8221; h_padding=&#8221;2&#8243; top_padding=&#8221;5&#8243; bottom_padding=&#8221;5&#8243; back_color=&#8221;accent&#8221; back_image=&#8221;12673&#8243; back_repeat=&#8221;no-repeat&#8221; overlay_color=&#8221;accent&#8221; overlay_alpha=&#8221;0&#8243; gutter_size=&#8221;3&#8243; column_width_percent=&#8221;100&#8243; shift_y=&#8221;0&#8243; z_index=&#8221;0&#8243; enable_bottom_divider=&#8221;default&#8221; bottom_divider_inv=&#8221;tilt&#8221; shape_bottom_invert=&#8221;yes&#8221; shape_bottom_h_use_pixel=&#8221;&#8221; shape_bottom_height=&#8221;140&#8243; shape_bottom_color=&#8221;color-xsdn&#8221; shape_bottom_opacity=&#8221;100&#8243; shape_bottom_index=&#8221;0&#8243; uncode_shortcode_id=&#8221;159122&#8243; back_color_type=&#8221;uncode-palette&#8221; overlay_color_type=&#8221;uncode-palette&#8221; shape_bottom_color_type=&#8221;uncode-palette&#8221;][vc_column column_width_use_pixel=&#8221;yes&#8221; position_vertical=&#8221;middle&#8221; align_horizontal=&#8221;align_center&#8221; gutter_size=&#8221;3&#8243; style=&#8221;dark&#8221; overlay_alpha=&#8221;50&#8243; shift_x=&#8221;0&#8243; shift_y=&#8221;0&#8243; shift_y_down=&#8221;0&#8243; z_index=&#8221;0&#8243; medium_width=&#8221;0&#8243; mobile_width=&#8221;0&#8243; sticky=&#8221;yes&#8221; width=&#8221;1\/1&#8243; column_width_pixel=&#8221;900&#8243;][vc_custom_heading text_color=&#8221;color-xsdn&#8221; heading_semantic=&#8221;h1&#8243; text_size=&#8221;h1&#8243; css_animation=&#8221;curtain&#8221; animation_delay=&#8221;200&#8243; uncode_shortcode_id=&#8221;589600&#8243; text_color_type=&#8221;uncode-palette&#8221;]<\/p>\n<h2 style=\"text-align: center;\">Azienda<\/h2>\n<p>[\/vc_custom_heading][vc_empty_space empty_h=&#8221;2&#8243;][\/vc_column][\/vc_row][vc_row row_height_percent=&#8221;0&#8243; override_padding=&#8221;yes&#8221; h_padding=&#8221;2&#8243; top_padding=&#8221;3&#8243; bottom_padding=&#8221;6&#8243; overlay_alpha=&#8221;50&#8243; gutter_size=&#8221;0&#8243; column_width_percent=&#8221;100&#8243; shift_y=&#8221;0&#8243; z_index=&#8221;0&#8243; el_class=&#8221;.slanted-row-sec&#8221; uncode_shortcode_id=&#8221;172474&#8243;][vc_column column_width_percent=&#8221;100&#8243; gutter_size=&#8221;2&#8243; overlay_alpha=&#8221;50&#8243; shift_x=&#8221;0&#8243; shift_y=&#8221;0&#8243; z_index=&#8221;0&#8243; medium_width=&#8221;0&#8243; width=&#8221;1\/1&#8243;][vc_single_image media=&#8221;202&#8243; media_width_use_pixel=&#8221;yes&#8221; alignment=&#8221;center&#8221; media_width_pixel=&#8221;112&#8243;][vc_column_text]<br \/>\nL\u2019atelier URBI et ORBI \u00e8 l\u2019espressione della nuova tendenza nella progettazione e realizzazione di oggetti in cemento.<br \/>\n&#8221;Il cemento \u00e8 sempre stata la nostra materia prima principale e quello che sappiamo far meglio \u00e8 lavorare il cemento per conferirgli forma, colore, struttura, levigatezza, bellezza e carattere.<br \/>\nFonte della nostra ispirazione sono sempre state le infinite possibilit\u00e0 offerte dalla natura stessa del cemento e dalle sue qualit\u00e0.<br \/>\nCompleta la nostra relazione con questo materiale l\u2019unicit\u00e0 di ciascun oggetto da noi realizzato.&#8221;<\/p>\n<p style=\"text-align: left;\">Da sempre il nostro lavoro si \u00e8 svolto su vasta scala, a livello industriale. Tutto \u00e8 cambiato quando abbiamo cominciato a sperimentare il cemento e le nostre capacit\u00e0 sulla scala molto pi\u00f9 ridotta dell\u2019atelier: una cosa per noi assolutamente nuova ed eccitante. In seguito, dopo molto tempo, lavoro, bozze (e caffeina!), nel 2012 \u00e8 nata la prima gamma di prodotti a marchio URBI ET ORBI.<\/p>\n<p style=\"text-align: left;\">Noi di URBI ET ORBI siamo un gruppo di persone che si sono conosciute per caso e che hanno deciso di lavorare insieme integrandosi a vicenda. Per noi sono molto importanti i dettagli, e lanciare la creativit\u00e0 del nostro design fino al limite estremo.<br \/>\nNelle pagine seguenti potrete trovare i nostri prodotti in cemento suddivisi per categoria. Una grande collezione dedicata ai lavabi, all\u2019illuminazione, ai rivestimenti per le pareti, ai mobili e complementi di arredo.<\/p>\n<p style=\"text-align: left;\"><strong>La nostra materia prima.<\/strong><strong><br \/>\n<\/strong>Il cemento \u00e8 ovunque!\u00a0Con un passato, un presente e un grande avvenire!<br \/>\nIl cemento \u00e8 un materiale dalle potenzialit\u00e0 infinite che noi abbiamo deciso di valorizzare al massimo.<br \/>\nNon ci interessano soltanto gli utilizzi industriali. Il cemento pu\u00f2 adattarsi ovunque a patto di dargli forma, struttura, levigatezza e a volte anche colore.<br \/>\nIl cemento \u00e8 un materiale plastico per eccellenza. Noi ne rispettiamo le potenzialit\u00e0 e le accettiamo per quello che sono. Il cemento non \u00e8 una moda passeggera ma un valore costante nel tempo. Un qualsiasi oggetto in cemento acquisisce valore aggiunto grazie alla sua unicit\u00e0, al carattere e alla bellezza.<\/p>\n<p style=\"text-align: left;\">Siamo continuamente impegnati nella sperimentazione di tecniche innovative e nella creazione di inedite sfumature di colore sviluppando anche diverse rifiniture particolari come il terrazzo, il sand ecc. Per ciascuna categoria di prodotti applichiamo le direttive in materia previste dall\u2019Unione Europea mentre controlli continui garantiscono i pi\u00f9 elevati standard di qualit\u00e0.<\/p>\n<p style=\"text-align: left;\">A URBI ET ORBI utilizziamo materiali internazionalmente riconosciuti, amici dell\u2019uomo e dell\u2019ambiente. Si tratta di miscele speciali, come GFRC e UHPC, che sono le pi\u00f9 avanzate tra quelle proposte dall\u2019industria del cemento. Per questo i prodotti URBI ET ORBI sono sicuri, funzionali, di assoluta qualit\u00e0 ed esclusivi.<\/p>\n<p>[\/vc_column_text][\/vc_column][\/vc_row]<\/p>\n<\/div>","protected":false},"excerpt":{"rendered":"<p>[vc_row unlock_row_content=&#8221;yes&#8221; row_height_percent=&#8221;60&#8243; override_padding=&#8221;yes&#8221; h_padding=&#8221;2&#8243; top_padding=&#8221;5&#8243; bottom_padding=&#8221;5&#8243; back_color=&#8221;accent&#8221; back_image=&#8221;12673&#8243; back_repeat=&#8221;no-repeat&#8221; overlay_color=&#8221;accent&#8221; overlay_alpha=&#8221;0&#8243; gutter_size=&#8221;3&#8243; column_width_percent=&#8221;100&#8243; shift_y=&#8221;0&#8243; z_index=&#8221;0&#8243; enable_bottom_divider=&#8221;default&#8221; bottom_divider_inv=&#8221;tilt&#8221; shape_bottom_invert=&#8221;yes&#8221; shape_bottom_h_use_pixel=&#8221;&#8221; [&hellip;]<\/p>\n","protected":false},"author":1,"featured_media":0,"parent":0,"menu_order":0,"comment_status":"closed","ping_status":"closed","template":"","meta":{"footnotes":""},"class_list":["post-3855","page","type-page","status-publish","hentry"],"_links":{"self":[{"href":"https:\/\/old.urbietorbi.gr\/it\/wp-json\/wp\/v2\/pages\/3855","targetHints":{"allow":["GET"]}}],"collection":[{"href":"https:\/\/old.urbietorbi.gr\/it\/wp-json\/wp\/v2\/pages"}],"about":[{"href":"https:\/\/old.urbietorbi.gr\/it\/wp-json\/wp\/v2\/types\/page"}],"author":[{"embeddable":true,"href":"https:\/\/old.urbietorbi.gr\/it\/wp-json\/wp\/v2\/users\/1"}],"replies":[{"embeddable":true,"href":"https:\/\/old.urbietorbi.gr\/it\/wp-json\/wp\/v2\/comments?post=3855"}],"version-history":[{"count":0,"href":"https:\/\/old.urbietorbi.gr\/it\/wp-json\/wp\/v2\/pages\/3855\/revisions"}],"wp:attachment":[{"href":"https:\/\/old.urbietorbi.gr\/it\/wp-json\/wp\/v2\/media?parent=3855"}],"curies":[{"name":"wp","href":"https:\/\/api.w.org\/{rel}","templated":true}]}}