{"id":4001,"date":"2017-07-11T15:03:43","date_gmt":"2017-07-11T13:03:43","guid":{"rendered":"https:\/\/old.urbietorbi.gr\/washbasin\/?lang=fr"},"modified":"2023-10-19T10:51:53","modified_gmt":"2023-10-19T08:51:53","slug":"vasque-en-beton","status":"publish","type":"page","link":"https:\/\/old.urbietorbi.gr\/fr\/produits-urbi-et-orbi\/vasque-en-beton\/","title":{"rendered":"Salle de bain"},"content":{"rendered":"<div class=\"wpb-content-wrapper\"><p>[vc_row row_height_percent=\u00a0\u00bb0&Prime; override_padding=\u00a0\u00bbyes\u00a0\u00bb h_padding=\u00a0\u00bb2&Prime; top_padding=\u00a0\u00bb2&Prime; bottom_padding=\u00a0\u00bb2&Prime; overlay_alpha=\u00a0\u00bb50&Prime; gutter_size=\u00a0\u00bb3&Prime; column_width_percent=\u00a0\u00bb100&Prime; shift_y=\u00a0\u00bb0&Prime; z_index=\u00a0\u00bb0&Prime; el_class=\u00a0\u00bb.slanted-row-sec\u00a0\u00bb uncode_shortcode_id=\u00a0\u00bb340835&Prime;][vc_column width=\u00a0\u00bb1\/1&Prime;][vc_column_text uncode_shortcode_id=\u00a0\u00bb309788&Prime;]<\/p>\n<p style=\"text-align: center;\">Les lavabos ou \u00e9viers en b\u00e9ton sont un ajout unique et contemporain au monde des \u00e9quipements de salle de bains et de la d\u00e9coration d&rsquo;int\u00e9rieur. Fabriqu\u00e9s en b\u00e9ton de haute qualit\u00e9, ils durent longtemps et n\u00e9cessitent peu d&rsquo;entretien. Lavabos muraux, lavabos \u00e0 poser ou int\u00e9gr\u00e9s, ainsi que dans une vari\u00e9t\u00e9 de couleurs, parcourez la collection de salles de bains Urbi et Orbi ci-dessous pour en savoir plus.<\/p>\n<p>[\/vc_column_text][uncode_index el_id=\u00a0\u00bbindex-1198067&Prime; loop=\u00a0\u00bbsize:all|order_by:menu_order|order:ASC|post_type:portfolio|tax_query:5&Prime; screen_lg=\u00a0\u00bb1000&Prime; screen_md=\u00a0\u00bb600&Prime; screen_sm=\u00a0\u00bb480&Prime; gutter_size=\u00a0\u00bb3&Prime; portfolio_items=\u00a0\u00bbtitle,media|featured|onpost|original,text|excerpt\u00a0\u00bb infinite=\u00a0\u00bbyes\u00a0\u00bb single_overlay_opacity=\u00a0\u00bb75&Prime; single_h_align=\u00a0\u00bbcenter\u00a0\u00bb single_padding=\u00a0\u00bb2&Prime; single_text_reduced=\u00a0\u00bbyes\u00a0\u00bb single_title_dimension=\u00a0\u00bbh3&Prime; single_border=\u00a0\u00bbyes\u00a0\u00bb][\/vc_column][\/vc_row]<\/p>\n<\/div>","protected":false},"excerpt":{"rendered":"<p>[vc_row row_height_percent=\u00a0\u00bb0&Prime; override_padding=\u00a0\u00bbyes\u00a0\u00bb h_padding=\u00a0\u00bb2&Prime; top_padding=\u00a0\u00bb2&Prime; bottom_padding=\u00a0\u00bb2&Prime; overlay_alpha=\u00a0\u00bb50&Prime; gutter_size=\u00a0\u00bb3&Prime; column_width_percent=\u00a0\u00bb100&Prime; shift_y=\u00a0\u00bb0&Prime; z_index=\u00a0\u00bb0&Prime; el_class=\u00a0\u00bb.slanted-row-sec\u00a0\u00bb uncode_shortcode_id=\u00a0\u00bb340835&Prime;][vc_column width=\u00a0\u00bb1\/1&Prime;][vc_column_text uncode_shortcode_id=\u00a0\u00bb309788&Prime;] Les lavabos ou \u00e9viers en [&hellip;]<\/p>\n","protected":false},"author":1,"featured_media":0,"parent":3959,"menu_order":0,"comment_status":"closed","ping_status":"closed","template":"","meta":{"footnotes":""},"class_list":["post-4001","page","type-page","status-publish","hentry","page_category-cat_gen-fr"],"_links":{"self":[{"href":"https:\/\/old.urbietorbi.gr\/fr\/wp-json\/wp\/v2\/pages\/4001","targetHints":{"allow":["GET"]}}],"collection":[{"href":"https:\/\/old.urbietorbi.gr\/fr\/wp-json\/wp\/v2\/pages"}],"about":[{"href":"https:\/\/old.urbietorbi.gr\/fr\/wp-json\/wp\/v2\/types\/page"}],"author":[{"embeddable":true,"href":"https:\/\/old.urbietorbi.gr\/fr\/wp-json\/wp\/v2\/users\/1"}],"replies":[{"embeddable":true,"href":"https:\/\/old.urbietorbi.gr\/fr\/wp-json\/wp\/v2\/comments?post=4001"}],"version-history":[{"count":0,"href":"https:\/\/old.urbietorbi.gr\/fr\/wp-json\/wp\/v2\/pages\/4001\/revisions"}],"up":[{"embeddable":true,"href":"https:\/\/old.urbietorbi.gr\/fr\/wp-json\/wp\/v2\/pages\/3959"}],"wp:attachment":[{"href":"https:\/\/old.urbietorbi.gr\/fr\/wp-json\/wp\/v2\/media?parent=4001"}],"curies":[{"name":"wp","href":"https:\/\/api.w.org\/{rel}","templated":true}]}}