{"id":3989,"date":"2017-12-19T13:18:06","date_gmt":"2017-12-19T11:18:06","guid":{"rendered":"https:\/\/old.urbietorbi.gr\/wall-light\/?lang=fr"},"modified":"2024-06-04T02:01:48","modified_gmt":"2024-06-04T00:01:48","slug":"appliques-en-beton","status":"publish","type":"page","link":"https:\/\/old.urbietorbi.gr\/fr\/produits-urbi-et-orbi\/eclairage-en-beton\/appliques-en-beton\/","title":{"rendered":"Appliques"},"content":{"rendered":"<div class=\"wpb-content-wrapper\"><p>[vc_row row_height_percent=\u00a0\u00bb0&Prime; overlay_alpha=\u00a0\u00bb50&Prime; gutter_size=\u00a0\u00bb3&Prime; shift_y=\u00a0\u00bb0&Prime; el_class=\u00a0\u00bb.slanted-row-sec\u00a0\u00bb][vc_column width=\u00a0\u00bb1\/1&Prime;][vc_column_text css=\u00a0\u00bb.vc_custom_1717459303617{padding-top: 50px !important;}\u00a0\u00bb uncode_shortcode_id=\u00a0\u00bb140376&Prime;]<\/p>\n<p style=\"text-align: center;\">Dans cette section, Urbi et Orbi pr\u00e9sente la collection d&rsquo;appliques murales. Appliques en b\u00e9ton pour installation ext\u00e9rieure ou int\u00e9rieure, disponibles en diff\u00e9rentes textures et nuances.<br \/>\nLe b\u00e9ton est un mat\u00e9riau extr\u00eamement durable, il ne se corrode donc pas lorsqu&rsquo;il est expos\u00e9 \u00e0 des conditions m\u00e9t\u00e9orologiques d\u00e9favorables.<br \/>\nCette caract\u00e9ristique rend le b\u00e9ton un mat\u00e9riau plus comp\u00e9titif que tout autre, comme le m\u00e9tal, le plastique, etc., dont le vieillissement et l&rsquo;usure sont in\u00e9vitables et rapides. Ces capacit\u00e9s du b\u00e9ton, combin\u00e9es \u00e0 la technologie des sources lumineuses LED \u00e9tanches, constituent le principal avantage de notre collection.<\/p>\n<p>[\/vc_column_text][uncode_index el_id=\u00a0\u00bbindex-119809207&Prime; loop=\u00a0\u00bbsize:all|order_by:menu_order|order:ASC|post_type:portfolio|tax_query:84&Prime; screen_lg=\u00a0\u00bb1000&Prime; screen_md=\u00a0\u00bb600&Prime; screen_sm=\u00a0\u00bb480&Prime; gutter_size=\u00a0\u00bb3&Prime; portfolio_items=\u00a0\u00bbtitle,media|featured|onpost|original,text|excerpt\u00a0\u00bb infinite=\u00a0\u00bbyes\u00a0\u00bb single_overlay_opacity=\u00a0\u00bb75&Prime; single_h_align=\u00a0\u00bbcenter\u00a0\u00bb single_padding=\u00a0\u00bb2&Prime; single_text_reduced=\u00a0\u00bbyes\u00a0\u00bb single_title_dimension=\u00a0\u00bbh3&Prime; single_border=\u00a0\u00bbyes\u00a0\u00bb][\/vc_column][\/vc_row]<\/p>\n<\/div>","protected":false},"excerpt":{"rendered":"<p>[vc_row row_height_percent=\u00a0\u00bb0&Prime; overlay_alpha=\u00a0\u00bb50&Prime; gutter_size=\u00a0\u00bb3&Prime; shift_y=\u00a0\u00bb0&Prime; el_class=\u00a0\u00bb.slanted-row-sec\u00a0\u00bb][vc_column width=\u00a0\u00bb1\/1&Prime;][vc_column_text css=\u00a0\u00bb.vc_custom_1717459303617{padding-top: 50px !important;}\u00a0\u00bb uncode_shortcode_id=\u00a0\u00bb140376&Prime;] Dans cette section, Urbi et Orbi pr\u00e9sente la collection [&hellip;]<\/p>\n","protected":false},"author":1,"featured_media":12949,"parent":3935,"menu_order":0,"comment_status":"closed","ping_status":"closed","template":"","meta":{"footnotes":""},"class_list":["post-3989","page","type-page","status-publish","has-post-thumbnail","hentry","page_category-light-fr"],"_links":{"self":[{"href":"https:\/\/old.urbietorbi.gr\/fr\/wp-json\/wp\/v2\/pages\/3989","targetHints":{"allow":["GET"]}}],"collection":[{"href":"https:\/\/old.urbietorbi.gr\/fr\/wp-json\/wp\/v2\/pages"}],"about":[{"href":"https:\/\/old.urbietorbi.gr\/fr\/wp-json\/wp\/v2\/types\/page"}],"author":[{"embeddable":true,"href":"https:\/\/old.urbietorbi.gr\/fr\/wp-json\/wp\/v2\/users\/1"}],"replies":[{"embeddable":true,"href":"https:\/\/old.urbietorbi.gr\/fr\/wp-json\/wp\/v2\/comments?post=3989"}],"version-history":[{"count":0,"href":"https:\/\/old.urbietorbi.gr\/fr\/wp-json\/wp\/v2\/pages\/3989\/revisions"}],"up":[{"embeddable":true,"href":"https:\/\/old.urbietorbi.gr\/fr\/wp-json\/wp\/v2\/pages\/3935"}],"wp:featuredmedia":[{"embeddable":true,"href":"https:\/\/old.urbietorbi.gr\/fr\/wp-json\/wp\/v2\/media\/12949"}],"wp:attachment":[{"href":"https:\/\/old.urbietorbi.gr\/fr\/wp-json\/wp\/v2\/media?parent=3989"}],"curies":[{"name":"wp","href":"https:\/\/api.w.org\/{rel}","templated":true}]}}