{"id":3971,"date":"2017-12-19T13:16:44","date_gmt":"2017-12-19T11:16:44","guid":{"rendered":"https:\/\/old.urbietorbi.gr\/suspension\/?lang=fr"},"modified":"2023-09-05T03:45:42","modified_gmt":"2023-09-05T01:45:42","slug":"lampes-suspensions-en-beton","status":"publish","type":"page","link":"https:\/\/old.urbietorbi.gr\/fr\/produits-urbi-et-orbi\/eclairage-en-beton\/lampes-suspensions-en-beton\/","title":{"rendered":"suspensions"},"content":{"rendered":"<div class=\"wpb-content-wrapper\"><p>[vc_row row_height_percent=\u00a0\u00bb0&Prime; overlay_alpha=\u00a0\u00bb50&Prime; gutter_size=\u00a0\u00bb3&Prime; shift_y=\u00a0\u00bb0&Prime; el_class=\u00a0\u00bb.slanted-row-sec\u00a0\u00bb][vc_column width=\u00a0\u00bb1\/1&Prime;][vc_column_text uncode_shortcode_id=\u00a0\u00bb107543&Prime;]<\/p>\n<p style=\"text-align: center;\">Une lampe suspension, peut \u00eatre fabriqu\u00e9e en b\u00e9ton, si le b\u00e9ton est assez mince pour \u00eatre l\u00e9ger et solide.<br \/>\nD\u00e9couvrez ci-dessous la collection des lampes suspensions en b\u00e9ton par Urbi et Orbi<\/p>\n<p>[\/vc_column_text][uncode_index el_id=\u00a0\u00bbindex-119809204&Prime; loop=\u00a0\u00bbsize:all|order_by:menu_order|order:ASC|post_type:portfolio|tax_query:85&Prime; screen_lg=\u00a0\u00bb1000&Prime; screen_md=\u00a0\u00bb600&Prime; screen_sm=\u00a0\u00bb480&Prime; gutter_size=\u00a0\u00bb3&Prime; portfolio_items=\u00a0\u00bbtitle,media|featured|onpost|original,text|excerpt\u00a0\u00bb infinite=\u00a0\u00bbyes\u00a0\u00bb single_overlay_opacity=\u00a0\u00bb75&Prime; single_h_align=\u00a0\u00bbcenter\u00a0\u00bb single_padding=\u00a0\u00bb2&Prime; single_text_reduced=\u00a0\u00bbyes\u00a0\u00bb single_title_dimension=\u00a0\u00bbh3&Prime; single_border=\u00a0\u00bbyes\u00a0\u00bb][\/vc_column][\/vc_row]<\/p>\n<\/div>","protected":false},"excerpt":{"rendered":"<p>[vc_row row_height_percent=\u00a0\u00bb0&Prime; overlay_alpha=\u00a0\u00bb50&Prime; gutter_size=\u00a0\u00bb3&Prime; shift_y=\u00a0\u00bb0&Prime; el_class=\u00a0\u00bb.slanted-row-sec\u00a0\u00bb][vc_column width=\u00a0\u00bb1\/1&Prime;][vc_column_text uncode_shortcode_id=\u00a0\u00bb107543&Prime;] Une lampe suspension, peut \u00eatre fabriqu\u00e9e en b\u00e9ton, si le b\u00e9ton est [&hellip;]<\/p>\n","protected":false},"author":1,"featured_media":12757,"parent":3935,"menu_order":0,"comment_status":"closed","ping_status":"closed","template":"","meta":{"footnotes":""},"class_list":["post-3971","page","type-page","status-publish","has-post-thumbnail","hentry","page_category-light-fr"],"_links":{"self":[{"href":"https:\/\/old.urbietorbi.gr\/fr\/wp-json\/wp\/v2\/pages\/3971","targetHints":{"allow":["GET"]}}],"collection":[{"href":"https:\/\/old.urbietorbi.gr\/fr\/wp-json\/wp\/v2\/pages"}],"about":[{"href":"https:\/\/old.urbietorbi.gr\/fr\/wp-json\/wp\/v2\/types\/page"}],"author":[{"embeddable":true,"href":"https:\/\/old.urbietorbi.gr\/fr\/wp-json\/wp\/v2\/users\/1"}],"replies":[{"embeddable":true,"href":"https:\/\/old.urbietorbi.gr\/fr\/wp-json\/wp\/v2\/comments?post=3971"}],"version-history":[{"count":0,"href":"https:\/\/old.urbietorbi.gr\/fr\/wp-json\/wp\/v2\/pages\/3971\/revisions"}],"up":[{"embeddable":true,"href":"https:\/\/old.urbietorbi.gr\/fr\/wp-json\/wp\/v2\/pages\/3935"}],"wp:featuredmedia":[{"embeddable":true,"href":"https:\/\/old.urbietorbi.gr\/fr\/wp-json\/wp\/v2\/media\/12757"}],"wp:attachment":[{"href":"https:\/\/old.urbietorbi.gr\/fr\/wp-json\/wp\/v2\/media?parent=3971"}],"curies":[{"name":"wp","href":"https:\/\/api.w.org\/{rel}","templated":true}]}}