{"id":3947,"date":"2017-12-19T13:18:34","date_gmt":"2017-12-19T11:18:34","guid":{"rendered":"https:\/\/old.urbietorbi.gr\/outdoor\/?lang=fr"},"modified":"2023-09-05T04:23:14","modified_gmt":"2023-09-05T02:23:14","slug":"luminaires-dexterieur-en-beton","status":"publish","type":"page","link":"https:\/\/old.urbietorbi.gr\/fr\/produits-urbi-et-orbi\/eclairage-en-beton\/luminaires-dexterieur-en-beton\/","title":{"rendered":"ext\u00e9rieur"},"content":{"rendered":"<div class=\"wpb-content-wrapper\"><p>[vc_row row_height_percent=\u00a0\u00bb0&Prime; overlay_alpha=\u00a0\u00bb50&Prime; gutter_size=\u00a0\u00bb3&Prime; shift_y=\u00a0\u00bb0&Prime; el_class=\u00a0\u00bb.slanted-row-sec\u00a0\u00bb][vc_column width=\u00a0\u00bb1\/1&Prime;][vc_column_text css=\u00a0\u00bb.vc_custom_1516470494740{padding-top: 50px !important;}\u00a0\u00bb]<\/p>\n<p style=\"text-align: center;\"><span style=\"font-weight: 400;\">Le b\u00e9ton est extr\u00eamement durable, ce qui le rend le mat\u00e9riau le plus comp\u00e9titif pour une utilisation ext\u00e9rieure par rapport \u00e0 tout autre mat\u00e9riau (comme le m\u00e9tal, le plastique, etc., dont le vieillissement est rapide et in\u00e9vitable). Ces capacit\u00e9s du b\u00e9ton, en combinaison avec la technologie des sources lumineuses LED imperm\u00e9ables \u00e0 l\u2019eau, sont le principal atout de notre collection d\u2019\u00e9clairage en b\u00e9ton pour une utilisation ext\u00e9rieure.<br \/>\nD\u00e9couvrez ci-dessous les appareils d\u2019\u00e9clairage ext\u00e9rieur par Urbi et Orbi.<\/span><\/p>\n<p>[\/vc_column_text][uncode_index el_id=\u00a0\u00bbindex-119809203&Prime; loop=\u00a0\u00bbsize:all|order_by:menu_order|order:ASC|post_type:portfolio|tax_query:82&Prime; infinite=\u00a0\u00bbyes\u00a0\u00bb infinite_button_outline=\u00a0\u00bbyes\u00a0\u00bb gutter_size=\u00a0\u00bb3&Prime; portfolio_items=\u00a0\u00bbtitle,media|featured|onpost|original,text|excerpt\u00a0\u00bb screen_lg=\u00a0\u00bb1000&Prime; screen_md=\u00a0\u00bb600&Prime; screen_sm=\u00a0\u00bb480&Prime; single_overlay_opacity=\u00a0\u00bb75&Prime; single_h_align=\u00a0\u00bbcenter\u00a0\u00bb single_padding=\u00a0\u00bb2&Prime; single_text_reduced=\u00a0\u00bbyes\u00a0\u00bb single_title_dimension=\u00a0\u00bbh3&Prime; single_border=\u00a0\u00bbyes\u00a0\u00bb infinite_button_text=\u00a0\u00bbload more\u00a0\u00bb][\/vc_column][\/vc_row]<\/p>\n<\/div>","protected":false},"excerpt":{"rendered":"<p>[vc_row row_height_percent=\u00a0\u00bb0&Prime; overlay_alpha=\u00a0\u00bb50&Prime; gutter_size=\u00a0\u00bb3&Prime; shift_y=\u00a0\u00bb0&Prime; el_class=\u00a0\u00bb.slanted-row-sec\u00a0\u00bb][vc_column width=\u00a0\u00bb1\/1&Prime;][vc_column_text css=\u00a0\u00bb.vc_custom_1516470494740{padding-top: 50px !important;}\u00a0\u00bb] Le b\u00e9ton est extr\u00eamement durable, ce qui le rend le [&hellip;]<\/p>\n","protected":false},"author":1,"featured_media":0,"parent":3935,"menu_order":0,"comment_status":"closed","ping_status":"closed","template":"","meta":{"footnotes":""},"class_list":["post-3947","page","type-page","status-publish","hentry","page_category-light-fr"],"_links":{"self":[{"href":"https:\/\/old.urbietorbi.gr\/fr\/wp-json\/wp\/v2\/pages\/3947","targetHints":{"allow":["GET"]}}],"collection":[{"href":"https:\/\/old.urbietorbi.gr\/fr\/wp-json\/wp\/v2\/pages"}],"about":[{"href":"https:\/\/old.urbietorbi.gr\/fr\/wp-json\/wp\/v2\/types\/page"}],"author":[{"embeddable":true,"href":"https:\/\/old.urbietorbi.gr\/fr\/wp-json\/wp\/v2\/users\/1"}],"replies":[{"embeddable":true,"href":"https:\/\/old.urbietorbi.gr\/fr\/wp-json\/wp\/v2\/comments?post=3947"}],"version-history":[{"count":0,"href":"https:\/\/old.urbietorbi.gr\/fr\/wp-json\/wp\/v2\/pages\/3947\/revisions"}],"up":[{"embeddable":true,"href":"https:\/\/old.urbietorbi.gr\/fr\/wp-json\/wp\/v2\/pages\/3935"}],"wp:attachment":[{"href":"https:\/\/old.urbietorbi.gr\/fr\/wp-json\/wp\/v2\/media?parent=3947"}],"curies":[{"name":"wp","href":"https:\/\/api.w.org\/{rel}","templated":true}]}}