{"id":3871,"date":"2017-09-28T09:14:04","date_gmt":"2017-09-28T07:14:04","guid":{"rendered":"https:\/\/old.urbietorbi.gr\/custom\/?lang=fr"},"modified":"2023-09-13T09:07:34","modified_gmt":"2023-09-13T07:07:34","slug":"sur-mesure","status":"publish","type":"page","link":"https:\/\/old.urbietorbi.gr\/fr\/produits-urbi-et-orbi\/sur-mesure\/","title":{"rendered":"sur mesure"},"content":{"rendered":"<div class=\"wpb-content-wrapper\"><p>[vc_row row_height_percent=\u00a0\u00bb0&Prime; overlay_alpha=\u00a0\u00bb50&Prime; gutter_size=\u00a0\u00bb3&Prime; shift_y=\u00a0\u00bb0&Prime; el_class=\u00a0\u00bb.slanted-row-sec\u00a0\u00bb][vc_column width=\u00a0\u00bb1\/1&Prime;][vc_column_text]<\/p>\n<p style=\"text-align: center;\">Lorsque deux personnes ayant des valeurs communes unissent leurs forces, les possibilit\u00e9s sont infinies.<br \/>\nL\u2019atelier Urbi et Orbi entreprend des commandes personnalis\u00e9es. Nous pouvons partager notre exp\u00e9rience avec vous afin de vous vous familiariserez avec les possibilit\u00e9s du b\u00e9ton et ses limites pour pouvoir r\u00e9aliser votre propre conception ou travailler avec nous sur une nouvelle. Toute personne travaillant avec nous doit conna\u00eetre qu\u2019un objet en b\u00e9ton, fait sur mesure pour les besoins d&rsquo;un projet, est une alternative tout aussi fonctionnelle aux solutions disponibles en s\u00e9rie.<br \/>\nNous fabriquons et, si n\u00e9cessaire, concevons des objets ou des parties d\u2019un projet personnalis\u00e9s tels que des meubles en b\u00e9ton, des lavabos en b\u00e9ton, des carreaux en b\u00e9ton ciment et plus encore.<\/p>\n<p>[\/vc_column_text][vc_empty_space empty_h=\u00a0\u00bb2&Prime;][uncode_index el_id=\u00a0\u00bbindex-90767809&Prime; isotope_mode=\u00a0\u00bbfitRows\u00a0\u00bb loop=\u00a0\u00bbsize:50|order_by:date|post_type:post|categories:197&Prime; auto_query=\u00a0\u00bbyes\u00a0\u00bb screen_lg=\u00a0\u00bb1000&Prime; screen_md=\u00a0\u00bb600&Prime; screen_sm=\u00a0\u00bb480&Prime; gutter_size=\u00a0\u00bb3&Prime; post_items=\u00a0\u00bbmedia|featured|onpost|original,title,sep-one|full,text|excerpt,link|link\u00a0\u00bb single_overlay_opacity=\u00a0\u00bb65&Prime; single_text_visible=\u00a0\u00bbyes\u00a0\u00bb single_h_align=\u00a0\u00bbcenter\u00a0\u00bb single_padding=\u00a0\u00bb2&Prime; single_title_dimension=\u00a0\u00bbh5&Prime; single_border=\u00a0\u00bbyes\u00a0\u00bb][vc_empty_space empty_h=\u00a0\u00bb2&Prime;][\/vc_column][\/vc_row]<\/p>\n<\/div>","protected":false},"excerpt":{"rendered":"<p>[vc_row row_height_percent=\u00a0\u00bb0&Prime; overlay_alpha=\u00a0\u00bb50&Prime; gutter_size=\u00a0\u00bb3&Prime; shift_y=\u00a0\u00bb0&Prime; el_class=\u00a0\u00bb.slanted-row-sec\u00a0\u00bb][vc_column width=\u00a0\u00bb1\/1&Prime;][vc_column_text] Lorsque deux personnes ayant des valeurs communes unissent leurs forces, les possibilit\u00e9s sont [&hellip;]<\/p>\n","protected":false},"author":1,"featured_media":12803,"parent":3959,"menu_order":0,"comment_status":"closed","ping_status":"closed","template":"","meta":{"footnotes":""},"class_list":["post-3871","page","type-page","status-publish","has-post-thumbnail","hentry","page_category-cat_gen-fr"],"_links":{"self":[{"href":"https:\/\/old.urbietorbi.gr\/fr\/wp-json\/wp\/v2\/pages\/3871","targetHints":{"allow":["GET"]}}],"collection":[{"href":"https:\/\/old.urbietorbi.gr\/fr\/wp-json\/wp\/v2\/pages"}],"about":[{"href":"https:\/\/old.urbietorbi.gr\/fr\/wp-json\/wp\/v2\/types\/page"}],"author":[{"embeddable":true,"href":"https:\/\/old.urbietorbi.gr\/fr\/wp-json\/wp\/v2\/users\/1"}],"replies":[{"embeddable":true,"href":"https:\/\/old.urbietorbi.gr\/fr\/wp-json\/wp\/v2\/comments?post=3871"}],"version-history":[{"count":0,"href":"https:\/\/old.urbietorbi.gr\/fr\/wp-json\/wp\/v2\/pages\/3871\/revisions"}],"up":[{"embeddable":true,"href":"https:\/\/old.urbietorbi.gr\/fr\/wp-json\/wp\/v2\/pages\/3959"}],"wp:featuredmedia":[{"embeddable":true,"href":"https:\/\/old.urbietorbi.gr\/fr\/wp-json\/wp\/v2\/media\/12803"}],"wp:attachment":[{"href":"https:\/\/old.urbietorbi.gr\/fr\/wp-json\/wp\/v2\/media?parent=3871"}],"curies":[{"name":"wp","href":"https:\/\/api.w.org\/{rel}","templated":true}]}}