{"id":3853,"date":"2016-07-15T09:08:43","date_gmt":"2016-07-15T07:08:43","guid":{"rendered":"https:\/\/old.urbietorbi.gr\/about\/?lang=fr"},"modified":"2023-06-14T08:51:40","modified_gmt":"2023-06-14T08:51:40","slug":"a-propos-de-nous","status":"publish","type":"page","link":"https:\/\/old.urbietorbi.gr\/fr\/a-propos-de-nous\/","title":{"rendered":"A propos de nous"},"content":{"rendered":"<div class=\"wpb-content-wrapper\"><p>[vc_row unlock_row_content=\u00a0\u00bbyes\u00a0\u00bb row_height_percent=\u00a0\u00bb60&Prime; override_padding=\u00a0\u00bbyes\u00a0\u00bb h_padding=\u00a0\u00bb2&Prime; top_padding=\u00a0\u00bb5&Prime; bottom_padding=\u00a0\u00bb5&Prime; back_color=\u00a0\u00bbaccent\u00a0\u00bb back_image=\u00a0\u00bb12673&Prime; back_repeat=\u00a0\u00bbno-repeat\u00a0\u00bb overlay_color=\u00a0\u00bbaccent\u00a0\u00bb overlay_alpha=\u00a0\u00bb0&Prime; gutter_size=\u00a0\u00bb3&Prime; column_width_percent=\u00a0\u00bb100&Prime; shift_y=\u00a0\u00bb0&Prime; z_index=\u00a0\u00bb0&Prime; enable_bottom_divider=\u00a0\u00bbdefault\u00a0\u00bb bottom_divider_inv=\u00a0\u00bbtilt\u00a0\u00bb shape_bottom_invert=\u00a0\u00bbyes\u00a0\u00bb shape_bottom_h_use_pixel=\u00a0\u00bb\u00a0\u00bb shape_bottom_height=\u00a0\u00bb140&Prime; shape_bottom_color=\u00a0\u00bbcolor-xsdn\u00a0\u00bb shape_bottom_opacity=\u00a0\u00bb100&Prime; shape_bottom_index=\u00a0\u00bb0&Prime; uncode_shortcode_id=\u00a0\u00bb126943&Prime; back_color_type=\u00a0\u00bbuncode-palette\u00a0\u00bb overlay_color_type=\u00a0\u00bbuncode-palette\u00a0\u00bb shape_bottom_color_type=\u00a0\u00bbuncode-palette\u00a0\u00bb shape_dividers=\u00a0\u00bb\u00a0\u00bb][vc_column column_width_use_pixel=\u00a0\u00bbyes\u00a0\u00bb position_vertical=\u00a0\u00bbmiddle\u00a0\u00bb align_horizontal=\u00a0\u00bbalign_center\u00a0\u00bb gutter_size=\u00a0\u00bb3&Prime; style=\u00a0\u00bbdark\u00a0\u00bb overlay_alpha=\u00a0\u00bb50&Prime; shift_x=\u00a0\u00bb0&Prime; shift_y=\u00a0\u00bb0&Prime; shift_y_down=\u00a0\u00bb0&Prime; z_index=\u00a0\u00bb0&Prime; medium_width=\u00a0\u00bb0&Prime; mobile_width=\u00a0\u00bb0&Prime; sticky=\u00a0\u00bbyes\u00a0\u00bb width=\u00a0\u00bb1\/1&Prime; column_width_pixel=\u00a0\u00bb900&Prime;][vc_custom_heading text_color=\u00a0\u00bbcolor-xsdn\u00a0\u00bb heading_semantic=\u00a0\u00bbh1&Prime; text_size=\u00a0\u00bbh1&Prime; css_animation=\u00a0\u00bbcurtain\u00a0\u00bb animation_delay=\u00a0\u00bb200&Prime; uncode_shortcode_id=\u00a0\u00bb519708&Prime; text_color_type=\u00a0\u00bbuncode-palette\u00a0\u00bb]<\/p>\n<h2 style=\"text-align: center;\">A propos de nous<\/h2>\n<p>[\/vc_custom_heading][vc_empty_space empty_h=\u00a0\u00bb2&Prime;][\/vc_column][\/vc_row][vc_row row_height_percent=\u00a0\u00bb0&Prime; override_padding=\u00a0\u00bbyes\u00a0\u00bb h_padding=\u00a0\u00bb2&Prime; top_padding=\u00a0\u00bb3&Prime; bottom_padding=\u00a0\u00bb6&Prime; overlay_alpha=\u00a0\u00bb50&Prime; gutter_size=\u00a0\u00bb0&Prime; column_width_percent=\u00a0\u00bb100&Prime; shift_y=\u00a0\u00bb0&Prime; z_index=\u00a0\u00bb0&Prime; el_class=\u00a0\u00bb.slanted-row-sec\u00a0\u00bb uncode_shortcode_id=\u00a0\u00bb590074&Prime;][vc_column column_width_percent=\u00a0\u00bb100&Prime; gutter_size=\u00a0\u00bb2&Prime; overlay_alpha=\u00a0\u00bb50&Prime; shift_x=\u00a0\u00bb0&Prime; shift_y=\u00a0\u00bb0&Prime; z_index=\u00a0\u00bb0&Prime; medium_width=\u00a0\u00bb0&Prime; width=\u00a0\u00bb1\/1&Prime;][vc_single_image media=\u00a0\u00bb202&Prime; media_width_use_pixel=\u00a0\u00bbyes\u00a0\u00bb alignment=\u00a0\u00bbcenter\u00a0\u00bb media_width_pixel=\u00a0\u00bb112&Prime;][vc_column_text]<\/p>\n<p>&nbsp;<\/p>\n<p>L\u2019atelier URBI ET ORBI est le lieu o\u00f9 naissent les nouvelles tendances dans la conception et la production d&rsquo;objets en b\u00e9ton.<br \/>\nLe b\u00e9ton a toujours \u00e9t\u00e9 le mat\u00e9riau principal de nos constructions. Notre sp\u00e9cialit\u00e9, cependant, r\u00e9side dans son traitement : nous connaissons comment lui donner de nouvelles formes, couleurs, texture, apparence et&#8230; caract\u00e8re.\u00a0Ce qui a toujours stimul\u00e9 notre enthousiasme, ce sont les possibilit\u00e9s infinies offertes par sa nature et ses qualit\u00e9s, alors que l\u2019unicit\u00e9 de chaque construction est exactement ce qui rend notre relation avec ce mat\u00e9riau compl\u00e8te.<br \/>\nNos projets \u00e9taient autrefois de tr\u00e8s grande envergure, au niveau de chantiers de construction. Mais tout a chang\u00e9 lorsque nous avons commenc\u00e9 \u00e0 tester nos comp\u00e9tences \u00e0 une \u00e9chelle beaucoup plus petite, \u00e0 l&rsquo;int\u00e9rieur de l&rsquo;espace confin\u00e9 de l&rsquo;atelier. Nous nous sommes donc lanc\u00e9s dans une toute nouvelle aventure, et tout \u00e0 fait passionnante. Elle nous a naturellement co\u00fbt\u00e9 beaucoup de temps, d\u2019\u00e9tudes, d\u2019essais de conception et de&#8230; caf\u00e9ine afin de nous permettre de cr\u00e9er la premi\u00e8re s\u00e9rie de produits sous la marque URBI ET ORBI.<br \/>\nLes personnes derri\u00e8re URBI ET ORBI :<br \/>\nBien que nous nous sommes rencontr\u00e9 au hasard, nous sommes une \u00e9quipe qui, depuis lors, travaille ensemble, id\u00e9alement et en compl\u00e9mentarit\u00e9. Nous pr\u00eatons attention \u00e0 chaque d\u00e9tail, poussant notre cr\u00e9ativit\u00e9 et nos conceptions au-del\u00e0 de toute limite.<br \/>\nDans ces pages, vous trouverez nos produits class\u00e9s par cat\u00e9gorie. Une grande collection de lavabos en b\u00e9ton, diff\u00e9rents types de luminaires en b\u00e9ton coul\u00e9, des carreaux de ciment, des meubles en b\u00e9ton, ainsi que des objets d\u00e9coratifs.<strong><em>\u00a0<\/em><\/strong><\/p>\n<p><strong>Nos mati\u00e8res premi\u00e8res.<em>\u00a0<\/em><\/strong><br \/>\nLe b\u00e9ton est partout ! Il a un pass\u00e9, un pr\u00e9sent et un avenir prometteur !<br \/>\nNous consid\u00e9rons le b\u00e9ton comme un mat\u00e9riau aux possibilit\u00e9s illimit\u00e9es, et nous en tirons le meilleur parti.<br \/>\nNous ne limitons pas notre vision du b\u00e9ton uniquement \u00e0 sa forme industrielle. Le b\u00e9ton peut s\u2019adapter n\u2019importe o\u00f9, pourvu qu\u2019on lui donne la forme, la texture et parfois m\u00eame la couleur correcte.<br \/>\nNous croyons en sa nature, sa plasticit\u00e9. Nous respectons son caract\u00e8re et nous l&rsquo;acceptons tel quel. Le b\u00e9ton n\u2019est pas seulement une tendance temporaire, il s\u2019agit d\u2019une valeur permanente. Tout objet en b\u00e9ton gagne en valeur gr\u00e2ce \u00e0 son unicit\u00e9, son caract\u00e8re, son apparence.<br \/>\nNous d\u00e9veloppons de nouvelles techniques, des nuances, ainsi que diverses finitions particuli\u00e8res comme le terrazzo (granito), sand, etc.<br \/>\nNous respectons les normes de conformit\u00e9 fix\u00e9es par les directives communautaires pour chaque cat\u00e9gorie de produit et nous contr\u00f4lons la qualit\u00e9 de la production \u00e0 l\u2019aide d\u2019essais fr\u00e9quents.<br \/>\nLes mati\u00e8res premi\u00e8res que nous utilisons chez URBI ET ORBI sont internationalement reconnues, \u00e0 la fois respectueuses de l\u2019environnement et de l&rsquo;homme. De tels exemples sont les m\u00e9langes sp\u00e9ciaux GFRC et UHPC, les avanc\u00e9es les plus sophistiqu\u00e9es que l\u2019industrie du b\u00e9ton a \u00e0 offrir. C\u2019est pourquoi, chez URBI ET ORBI, nous cr\u00e9ons des produits s\u00fbrs, fonctionnels et de qualit\u00e9 sup\u00e9rieure qui se distinguent dans tous les contextes.<\/p>\n<p>[\/vc_column_text][\/vc_column][\/vc_row]<\/p>\n<\/div>","protected":false},"excerpt":{"rendered":"<p>[vc_row unlock_row_content=\u00a0\u00bbyes\u00a0\u00bb row_height_percent=\u00a0\u00bb60&Prime; override_padding=\u00a0\u00bbyes\u00a0\u00bb h_padding=\u00a0\u00bb2&Prime; top_padding=\u00a0\u00bb5&Prime; bottom_padding=\u00a0\u00bb5&Prime; back_color=\u00a0\u00bbaccent\u00a0\u00bb back_image=\u00a0\u00bb12673&Prime; back_repeat=\u00a0\u00bbno-repeat\u00a0\u00bb overlay_color=\u00a0\u00bbaccent\u00a0\u00bb overlay_alpha=\u00a0\u00bb0&Prime; gutter_size=\u00a0\u00bb3&Prime; column_width_percent=\u00a0\u00bb100&Prime; shift_y=\u00a0\u00bb0&Prime; z_index=\u00a0\u00bb0&Prime; enable_bottom_divider=\u00a0\u00bbdefault\u00a0\u00bb bottom_divider_inv=\u00a0\u00bbtilt\u00a0\u00bb shape_bottom_invert=\u00a0\u00bbyes\u00a0\u00bb shape_bottom_h_use_pixel=\u00a0\u00bb\u00a0\u00bb [&hellip;]<\/p>\n","protected":false},"author":1,"featured_media":0,"parent":0,"menu_order":0,"comment_status":"closed","ping_status":"closed","template":"","meta":{"footnotes":""},"class_list":["post-3853","page","type-page","status-publish","hentry"],"_links":{"self":[{"href":"https:\/\/old.urbietorbi.gr\/fr\/wp-json\/wp\/v2\/pages\/3853","targetHints":{"allow":["GET"]}}],"collection":[{"href":"https:\/\/old.urbietorbi.gr\/fr\/wp-json\/wp\/v2\/pages"}],"about":[{"href":"https:\/\/old.urbietorbi.gr\/fr\/wp-json\/wp\/v2\/types\/page"}],"author":[{"embeddable":true,"href":"https:\/\/old.urbietorbi.gr\/fr\/wp-json\/wp\/v2\/users\/1"}],"replies":[{"embeddable":true,"href":"https:\/\/old.urbietorbi.gr\/fr\/wp-json\/wp\/v2\/comments?post=3853"}],"version-history":[{"count":0,"href":"https:\/\/old.urbietorbi.gr\/fr\/wp-json\/wp\/v2\/pages\/3853\/revisions"}],"wp:attachment":[{"href":"https:\/\/old.urbietorbi.gr\/fr\/wp-json\/wp\/v2\/media?parent=3853"}],"curies":[{"name":"wp","href":"https:\/\/api.w.org\/{rel}","templated":true}]}}