{"id":18799,"date":"2023-02-04T09:19:03","date_gmt":"2023-02-04T07:19:03","guid":{"rendered":"https:\/\/old.urbietorbi.gr\/?page_id=18799"},"modified":"2023-09-13T04:07:29","modified_gmt":"2023-09-13T02:07:29","slug":"mobilier-en-beton","status":"publish","type":"page","link":"https:\/\/old.urbietorbi.gr\/fr\/produits-urbi-et-orbi\/mobilier-en-beton\/","title":{"rendered":"mobilier"},"content":{"rendered":"<div class=\"wpb-content-wrapper\"><p>[vc_row row_height_percent=\u00a0\u00bb0&Prime; overlay_alpha=\u00a0\u00bb50&Prime; gutter_size=\u00a0\u00bb3&Prime; shift_y=\u00a0\u00bb0&Prime; el_class=\u00a0\u00bb.slanted-row-sec\u00a0\u00bb][vc_column width=\u00a0\u00bb1\/1&Prime;][vc_column_text css=\u00a0\u00bb.vc_custom_1694570841445{padding-top: 50px !important;}\u00a0\u00bb uncode_shortcode_id=\u00a0\u00bb150001&Prime;]<\/p>\n<p style=\"text-align: center;\">Tables pour l&rsquo;int\u00e9rieur et l&rsquo;ext\u00e9rieur. Finition en terrazzo et b\u00e9ton dans de nombreuses options de couleurs.Tous les meubles sont inclus dans notre projet Z\u00e9ro D\u00e9chet. Chacun d&rsquo;entre eux est fabriqu\u00e9 \u00e0 partir d&rsquo;un pourcentage de mat\u00e9riaux recycl\u00e9s, indiqu\u00e9 par le chiffre dans le logo de recyclage de leur page. Ces produits contribuent \u00e0 satisfaire le cr\u00e9dit &lsquo;Contenu Recycl\u00e9&rsquo; du syst\u00e8me de certification LEED\u00ae<br \/>\n<img decoding=\"async\" class=\"wp-image-19930 aligncenter\" src=\"https:\/\/old.urbietorbi.gr\/wp-content\/uploads\/2023\/05\/LOGO-WASTE-without-number2.png\" alt=\"\" width=\"135\" height=\"135\" srcset=\"https:\/\/old.urbietorbi.gr\/wp-content\/uploads\/2023\/05\/LOGO-WASTE-without-number2.png 1000w, https:\/\/old.urbietorbi.gr\/wp-content\/uploads\/2023\/05\/LOGO-WASTE-without-number2-300x300.png 300w, https:\/\/old.urbietorbi.gr\/wp-content\/uploads\/2023\/05\/LOGO-WASTE-without-number2-100x100.png 100w, https:\/\/old.urbietorbi.gr\/wp-content\/uploads\/2023\/05\/LOGO-WASTE-without-number2-600x600.png 600w, https:\/\/old.urbietorbi.gr\/wp-content\/uploads\/2023\/05\/LOGO-WASTE-without-number2-150x150.png 150w, https:\/\/old.urbietorbi.gr\/wp-content\/uploads\/2023\/05\/LOGO-WASTE-without-number2-768x768.png 768w\" sizes=\"(max-width: 135px) 100vw, 135px\" \/>.<\/p>\n<p>[\/vc_column_text][uncode_index el_id=\u00a0\u00bbindex-1198067&Prime; loop=\u00a0\u00bbsize:all|order_by:menu_order|order:ASC|post_type:portfolio|tax_query:1251&Prime; screen_lg=\u00a0\u00bb1000&Prime; screen_md=\u00a0\u00bb600&Prime; screen_sm=\u00a0\u00bb480&Prime; gutter_size=\u00a0\u00bb3&Prime; portfolio_items=\u00a0\u00bbtitle,media|featured|onpost|original,text|excerpt\u00a0\u00bb infinite=\u00a0\u00bbyes\u00a0\u00bb single_overlay_opacity=\u00a0\u00bb75&Prime; single_h_align=\u00a0\u00bbcenter\u00a0\u00bb single_padding=\u00a0\u00bb2&Prime; single_text_reduced=\u00a0\u00bbyes\u00a0\u00bb single_title_dimension=\u00a0\u00bbh3&Prime; single_border=\u00a0\u00bbyes\u00a0\u00bb][\/vc_column][\/vc_row]<\/p>\n<\/div>","protected":false},"excerpt":{"rendered":"<p>[vc_row row_height_percent=\u00a0\u00bb0&Prime; overlay_alpha=\u00a0\u00bb50&Prime; gutter_size=\u00a0\u00bb3&Prime; shift_y=\u00a0\u00bb0&Prime; el_class=\u00a0\u00bb.slanted-row-sec\u00a0\u00bb][vc_column width=\u00a0\u00bb1\/1&Prime;][vc_column_text css=\u00a0\u00bb.vc_custom_1694570841445{padding-top: 50px !important;}\u00a0\u00bb uncode_shortcode_id=\u00a0\u00bb150001&Prime;] Tables pour l&rsquo;int\u00e9rieur et l&rsquo;ext\u00e9rieur. Finition en terrazzo et [&hellip;]<\/p>\n","protected":false},"author":7,"featured_media":0,"parent":3959,"menu_order":0,"comment_status":"closed","ping_status":"closed","template":"","meta":{"footnotes":""},"class_list":["post-18799","page","type-page","status-publish","hentry"],"_links":{"self":[{"href":"https:\/\/old.urbietorbi.gr\/fr\/wp-json\/wp\/v2\/pages\/18799","targetHints":{"allow":["GET"]}}],"collection":[{"href":"https:\/\/old.urbietorbi.gr\/fr\/wp-json\/wp\/v2\/pages"}],"about":[{"href":"https:\/\/old.urbietorbi.gr\/fr\/wp-json\/wp\/v2\/types\/page"}],"author":[{"embeddable":true,"href":"https:\/\/old.urbietorbi.gr\/fr\/wp-json\/wp\/v2\/users\/7"}],"replies":[{"embeddable":true,"href":"https:\/\/old.urbietorbi.gr\/fr\/wp-json\/wp\/v2\/comments?post=18799"}],"version-history":[{"count":0,"href":"https:\/\/old.urbietorbi.gr\/fr\/wp-json\/wp\/v2\/pages\/18799\/revisions"}],"up":[{"embeddable":true,"href":"https:\/\/old.urbietorbi.gr\/fr\/wp-json\/wp\/v2\/pages\/3959"}],"wp:attachment":[{"href":"https:\/\/old.urbietorbi.gr\/fr\/wp-json\/wp\/v2\/media?parent=18799"}],"curies":[{"name":"wp","href":"https:\/\/api.w.org\/{rel}","templated":true}]}}