{"id":130976,"date":"2024-07-01T12:52:58","date_gmt":"2024-07-01T10:52:58","guid":{"rendered":"https:\/\/old.urbietorbi.gr\/produits-urbi-et-orbi\/knobs-and-hooks\/"},"modified":"2024-07-01T13:37:51","modified_gmt":"2024-07-01T11:37:51","slug":"boutons-et-crochets","status":"publish","type":"page","link":"https:\/\/old.urbietorbi.gr\/fr\/produits-urbi-et-orbi\/boutons-et-crochets\/","title":{"rendered":"Boutons et Crochets"},"content":{"rendered":"<div class=\"wpb-content-wrapper\"><p>[vc_row row_height_percent=\u00a0\u00bb0&Prime; overlay_alpha=\u00a0\u00bb50&Prime; gutter_size=\u00a0\u00bb3&Prime; shift_y=\u00a0\u00bb0&Prime; el_class=\u00a0\u00bb.slanted-row-sec\u00a0\u00bb][vc_column width=\u00a0\u00bb1\/1&Prime;][vc_column_text css=\u00a0\u00bb.vc_custom_1719833421321{padding-top: 50px !important;}\u00a0\u00bb uncode_shortcode_id=\u00a0\u00bb166750&Prime;]<\/p>\n<p style=\"text-align: center;\">Ces accessoires en b\u00e9ton sont con\u00e7us pour ajouter une touche de sophistication et de fonctionnalit\u00e9 \u00e0 votre maison. Parfaits pour les portes, les armoires et les murs, nos boutons et crochets sont disponibles dans diff\u00e9rentes couleurs et finitions, offrant la solution parfaite pour tout type de d\u00e9coration.<\/p>\n<p>[\/vc_column_text][uncode_index el_id=\u00a0\u00bbindex-11980920&Prime; loop=\u00a0\u00bbsize:all|order_by:menu_order|order:ASC|post_type:portfolio|tax_query:1575|taxonomy_count:10&Prime; screen_lg=\u00a0\u00bb1000&Prime; screen_md=\u00a0\u00bb600&Prime; screen_sm=\u00a0\u00bb480&Prime; gutter_size=\u00a0\u00bb3&Prime; portfolio_items=\u00a0\u00bbtitle,media|featured|onpost|original,text|excerpt\u00a0\u00bb infinite=\u00a0\u00bbyes\u00a0\u00bb single_overlay_opacity=\u00a0\u00bb75&Prime; single_h_align=\u00a0\u00bbcenter\u00a0\u00bb single_padding=\u00a0\u00bb2&Prime; single_text_reduced=\u00a0\u00bbyes\u00a0\u00bb single_title_dimension=\u00a0\u00bbh3&Prime; single_border=\u00a0\u00bbyes\u00a0\u00bb uncode_shortcode_id=\u00a0\u00bb199696&Prime;][\/vc_column][\/vc_row]<\/p>\n<\/div>","protected":false},"excerpt":{"rendered":"<p>[vc_row row_height_percent=\u00a0\u00bb0&Prime; overlay_alpha=\u00a0\u00bb50&Prime; gutter_size=\u00a0\u00bb3&Prime; shift_y=\u00a0\u00bb0&Prime; el_class=\u00a0\u00bb.slanted-row-sec\u00a0\u00bb][vc_column width=\u00a0\u00bb1\/1&Prime;][vc_column_text css=\u00a0\u00bb.vc_custom_1719833421321{padding-top: 50px !important;}\u00a0\u00bb uncode_shortcode_id=\u00a0\u00bb166750&Prime;] Ces accessoires en b\u00e9ton sont con\u00e7us pour ajouter une [&hellip;]<\/p>\n","protected":false},"author":7,"featured_media":12873,"parent":3959,"menu_order":0,"comment_status":"closed","ping_status":"closed","template":"","meta":{"footnotes":""},"class_list":["post-130976","page","type-page","status-publish","has-post-thumbnail","hentry"],"_links":{"self":[{"href":"https:\/\/old.urbietorbi.gr\/fr\/wp-json\/wp\/v2\/pages\/130976","targetHints":{"allow":["GET"]}}],"collection":[{"href":"https:\/\/old.urbietorbi.gr\/fr\/wp-json\/wp\/v2\/pages"}],"about":[{"href":"https:\/\/old.urbietorbi.gr\/fr\/wp-json\/wp\/v2\/types\/page"}],"author":[{"embeddable":true,"href":"https:\/\/old.urbietorbi.gr\/fr\/wp-json\/wp\/v2\/users\/7"}],"replies":[{"embeddable":true,"href":"https:\/\/old.urbietorbi.gr\/fr\/wp-json\/wp\/v2\/comments?post=130976"}],"version-history":[{"count":0,"href":"https:\/\/old.urbietorbi.gr\/fr\/wp-json\/wp\/v2\/pages\/130976\/revisions"}],"up":[{"embeddable":true,"href":"https:\/\/old.urbietorbi.gr\/fr\/wp-json\/wp\/v2\/pages\/3959"}],"wp:featuredmedia":[{"embeddable":true,"href":"https:\/\/old.urbietorbi.gr\/fr\/wp-json\/wp\/v2\/media\/12873"}],"wp:attachment":[{"href":"https:\/\/old.urbietorbi.gr\/fr\/wp-json\/wp\/v2\/media?parent=130976"}],"curies":[{"name":"wp","href":"https:\/\/api.w.org\/{rel}","templated":true}]}}