{"id":126724,"date":"2024-03-05T12:52:39","date_gmt":"2024-03-05T10:52:39","guid":{"rendered":"https:\/\/old.urbietorbi.gr\/?page_id=126724"},"modified":"2024-06-03T03:00:41","modified_gmt":"2024-06-03T01:00:41","slug":"collections","status":"publish","type":"page","link":"https:\/\/old.urbietorbi.gr\/fr\/produits-urbi-et-orbi\/collections\/","title":{"rendered":"Collections"},"content":{"rendered":"<div class=\"wpb-content-wrapper\"><p>[vc_row row_height_percent=\u00a0\u00bb0&Prime; overlay_alpha=\u00a0\u00bb50&Prime; gutter_size=\u00a0\u00bb3&Prime; shift_y=\u00a0\u00bb0&Prime; el_class=\u00a0\u00bb.slanted-row-sec\u00a0\u00bb][vc_column width=\u00a0\u00bb1\/1&Prime;][vc_column_text css=\u00a0\u00bb.vc_custom_1710146804456{padding-top: 50px !important;}\u00a0\u00bb uncode_shortcode_id=\u00a0\u00bb130611&Prime;]<\/p>\n<p style=\"text-align: center;\">D\u00e9couvrez nos collections inspir\u00e9es par la cr\u00e9ativit\u00e9 et l\u2019artisanat, o\u00f9 chaque article t\u00e9moigne de notre engagement en faveur de l\u2019innovation et d\u2019un design exceptionnel.<\/p>\n<p>[\/vc_column_text][uncode_index el_id=\u00a0\u00bbindex-11980920&Prime; isotope_mode=\u00a0\u00bbvertical\u00a0\u00bb loop=\u00a0\u00bbsize:all|order_by:date|order:DESC|post_type:portfolio|tax_query:1548|taxonomy_count:10&Prime; screen_lg=\u00a0\u00bb1000&Prime; screen_md=\u00a0\u00bb600&Prime; screen_sm=\u00a0\u00bb480&Prime; gutter_size=\u00a0\u00bb3&Prime; portfolio_items=\u00a0\u00bbmedia|featured|onpost|original\u00a0\u00bb single_text=\u00a0\u00bboverlay\u00a0\u00bb single_width=\u00a0\u00bb12&Prime; single_overlay_color=\u00a0\u00bbcolor-jevc\u00a0\u00bb single_overlay_opacity=\u00a0\u00bb53&Prime; single_text_visible=\u00a0\u00bbyes\u00a0\u00bb single_padding=\u00a0\u00bb2&Prime; single_title_dimension=\u00a0\u00bbh2&Prime; uncode_shortcode_id=\u00a0\u00bb287108&Prime;][\/vc_column][\/vc_row]<\/p>\n<\/div>","protected":false},"excerpt":{"rendered":"<p>[vc_row row_height_percent=\u00a0\u00bb0&Prime; overlay_alpha=\u00a0\u00bb50&Prime; gutter_size=\u00a0\u00bb3&Prime; shift_y=\u00a0\u00bb0&Prime; el_class=\u00a0\u00bb.slanted-row-sec\u00a0\u00bb][vc_column width=\u00a0\u00bb1\/1&Prime;][vc_column_text css=\u00a0\u00bb.vc_custom_1710146804456{padding-top: 50px !important;}\u00a0\u00bb uncode_shortcode_id=\u00a0\u00bb130611&Prime;] D\u00e9couvrez nos collections inspir\u00e9es par la cr\u00e9ativit\u00e9 et l\u2019artisanat, [&hellip;]<\/p>\n","protected":false},"author":7,"featured_media":12873,"parent":3959,"menu_order":0,"comment_status":"closed","ping_status":"closed","template":"","meta":{"footnotes":""},"class_list":["post-126724","page","type-page","status-publish","has-post-thumbnail","hentry"],"_links":{"self":[{"href":"https:\/\/old.urbietorbi.gr\/fr\/wp-json\/wp\/v2\/pages\/126724","targetHints":{"allow":["GET"]}}],"collection":[{"href":"https:\/\/old.urbietorbi.gr\/fr\/wp-json\/wp\/v2\/pages"}],"about":[{"href":"https:\/\/old.urbietorbi.gr\/fr\/wp-json\/wp\/v2\/types\/page"}],"author":[{"embeddable":true,"href":"https:\/\/old.urbietorbi.gr\/fr\/wp-json\/wp\/v2\/users\/7"}],"replies":[{"embeddable":true,"href":"https:\/\/old.urbietorbi.gr\/fr\/wp-json\/wp\/v2\/comments?post=126724"}],"version-history":[{"count":0,"href":"https:\/\/old.urbietorbi.gr\/fr\/wp-json\/wp\/v2\/pages\/126724\/revisions"}],"up":[{"embeddable":true,"href":"https:\/\/old.urbietorbi.gr\/fr\/wp-json\/wp\/v2\/pages\/3959"}],"wp:featuredmedia":[{"embeddable":true,"href":"https:\/\/old.urbietorbi.gr\/fr\/wp-json\/wp\/v2\/media\/12873"}],"wp:attachment":[{"href":"https:\/\/old.urbietorbi.gr\/fr\/wp-json\/wp\/v2\/media?parent=126724"}],"curies":[{"name":"wp","href":"https:\/\/api.w.org\/{rel}","templated":true}]}}