{"id":4002,"date":"2017-07-11T15:03:43","date_gmt":"2017-07-11T13:03:43","guid":{"rendered":"https:\/\/old.urbietorbi.gr\/washbasin\/?lang=de"},"modified":"2023-10-19T10:52:36","modified_gmt":"2023-10-19T08:52:36","slug":"betonwaschbecken","status":"publish","type":"page","link":"https:\/\/old.urbietorbi.gr\/de\/products\/betonwaschbecken\/","title":{"rendered":"Bad"},"content":{"rendered":"<div class=\"wpb-content-wrapper\"><p>[vc_row row_height_percent=&#8220;0&#8243; overlay_alpha=&#8220;50&#8243; gutter_size=&#8220;3&#8243; shift_y=&#8220;0&#8243; el_class=&#8220;.slanted-row-sec&#8220;][vc_column width=&#8220;1\/1&#8243;][vc_column_text uncode_shortcode_id=&#8220;404013&#8243;]<\/p>\n<p style=\"text-align: center;\">Waschtische oder Waschbecken aus Beton sind eine einzigartige und zeitgem\u00e4\u00dfe Erg\u00e4nzung in der Welt der Badezimmerausstattung und der Innenarchitektur. Gefertigt aus hochwertigem Beton, langlebig und wartungsarm. Waschbecken f\u00fcr die Wandmontage, als Aufsatzwaschbecken oder integriert, sowie in einer Vielzahl von Farben, st\u00f6bern Sie in der Urbi et Orbi Badkollektion unten, um mehr zu erfahren.<\/p>\n<p>[\/vc_column_text][uncode_index el_id=&#8220;index-1198067&#8243; loop=&#8220;size:all|order_by:menu_order|order:ASC|post_type:portfolio|tax_query:5&#8243; screen_lg=&#8220;1000&#8243; screen_md=&#8220;600&#8243; screen_sm=&#8220;480&#8243; gutter_size=&#8220;3&#8243; portfolio_items=&#8220;title,media|featured|onpost|original,text|excerpt&#8220; infinite=&#8220;yes&#8220; single_overlay_opacity=&#8220;75&#8243; single_h_align=&#8220;center&#8220; single_padding=&#8220;2&#8243; single_text_reduced=&#8220;yes&#8220; single_title_dimension=&#8220;h3&#8243; single_border=&#8220;yes&#8220;][\/vc_column][\/vc_row]<\/p>\n<\/div>","protected":false},"excerpt":{"rendered":"<p>[vc_row row_height_percent=&#8220;0&#8243; overlay_alpha=&#8220;50&#8243; gutter_size=&#8220;3&#8243; shift_y=&#8220;0&#8243; el_class=&#8220;.slanted-row-sec&#8220;][vc_column width=&#8220;1\/1&#8243;][vc_column_text uncode_shortcode_id=&#8220;404013&#8243;] Waschtische oder Waschbecken aus Beton sind eine einzigartige und zeitgem\u00e4\u00dfe Erg\u00e4nzung in [&hellip;]<\/p>\n","protected":false},"author":1,"featured_media":0,"parent":3960,"menu_order":0,"comment_status":"closed","ping_status":"closed","template":"","meta":{"footnotes":""},"class_list":["post-4002","page","type-page","status-publish","hentry","page_category-cat_gen"],"_links":{"self":[{"href":"https:\/\/old.urbietorbi.gr\/de\/wp-json\/wp\/v2\/pages\/4002","targetHints":{"allow":["GET"]}}],"collection":[{"href":"https:\/\/old.urbietorbi.gr\/de\/wp-json\/wp\/v2\/pages"}],"about":[{"href":"https:\/\/old.urbietorbi.gr\/de\/wp-json\/wp\/v2\/types\/page"}],"author":[{"embeddable":true,"href":"https:\/\/old.urbietorbi.gr\/de\/wp-json\/wp\/v2\/users\/1"}],"replies":[{"embeddable":true,"href":"https:\/\/old.urbietorbi.gr\/de\/wp-json\/wp\/v2\/comments?post=4002"}],"version-history":[{"count":0,"href":"https:\/\/old.urbietorbi.gr\/de\/wp-json\/wp\/v2\/pages\/4002\/revisions"}],"up":[{"embeddable":true,"href":"https:\/\/old.urbietorbi.gr\/de\/wp-json\/wp\/v2\/pages\/3960"}],"wp:attachment":[{"href":"https:\/\/old.urbietorbi.gr\/de\/wp-json\/wp\/v2\/media?parent=4002"}],"curies":[{"name":"wp","href":"https:\/\/api.w.org\/{rel}","templated":true}]}}