{"id":3948,"date":"2017-12-19T13:18:34","date_gmt":"2017-12-19T11:18:34","guid":{"rendered":"https:\/\/old.urbietorbi.gr\/outdoor\/?lang=de"},"modified":"2023-09-05T04:23:39","modified_gmt":"2023-09-05T02:23:39","slug":"aussenleuchten-aus-beton","status":"publish","type":"page","link":"https:\/\/old.urbietorbi.gr\/de\/products\/beleuchtung-aus-beton\/aussenleuchten-aus-beton\/","title":{"rendered":"Aussenleuchten"},"content":{"rendered":"<div class=\"wpb-content-wrapper\"><p>[vc_row row_height_percent=&#8220;0&#8243; overlay_alpha=&#8220;50&#8243; gutter_size=&#8220;3&#8243; shift_y=&#8220;0&#8243; el_class=&#8220;.slanted-row-sec&#8220;][vc_column width=&#8220;1\/1&#8243;][vc_column_text css=&#8220;.vc_custom_1546651061615{padding-top: 50px !important;}&#8220;]Beton ist ein \u00e4u\u00dferst best\u00e4ndiges und somit auch ein sehr wettbewerbsf\u00e4higes Material zum Einsatz im Au\u00dfenbereich im Vergleich zu anderen Materialien wie Metall, Kunststoff usw., dessen Alterungsvorgang schnell und unvermeidlich ist. Diese Eigenschaften von Beton in Verbindung mit der Technologie der wasserdichten LED-Leuchtquellen sind der Hauptvorteil unserer Betonlampenkollektion f\u00fcr den Au\u00dfenbereich.<\/p>\n<p style=\"text-align: center;\">Lernen Sie die Au\u00dfenleuchten von Urbi et Orbi kennen.<\/p>\n<p>[\/vc_column_text][uncode_index el_id=&#8220;index-119809203&#8243; loop=&#8220;size:all|order_by:menu_order|order:ASC|post_type:portfolio|tax_query:82&#8243; infinite=&#8220;yes&#8220; infinite_button_outline=&#8220;yes&#8220; gutter_size=&#8220;3&#8243; portfolio_items=&#8220;title,media|featured|onpost|original,text|excerpt&#8220; screen_lg=&#8220;1000&#8243; screen_md=&#8220;600&#8243; screen_sm=&#8220;480&#8243; single_overlay_opacity=&#8220;75&#8243; single_h_align=&#8220;center&#8220; single_padding=&#8220;2&#8243; single_text_reduced=&#8220;yes&#8220; single_title_dimension=&#8220;h3&#8243; single_border=&#8220;yes&#8220; infinite_button_text=&#8220;load more&#8220;][\/vc_column][\/vc_row]<\/p>\n<\/div>","protected":false},"excerpt":{"rendered":"<p>[vc_row row_height_percent=&#8220;0&#8243; overlay_alpha=&#8220;50&#8243; gutter_size=&#8220;3&#8243; shift_y=&#8220;0&#8243; el_class=&#8220;.slanted-row-sec&#8220;][vc_column width=&#8220;1\/1&#8243;][vc_column_text css=&#8220;.vc_custom_1546651061615{padding-top: 50px !important;}&#8220;]Beton ist ein \u00e4u\u00dferst best\u00e4ndiges und somit auch ein sehr wettbewerbsf\u00e4higes [&hellip;]<\/p>\n","protected":false},"author":1,"featured_media":0,"parent":3936,"menu_order":0,"comment_status":"closed","ping_status":"closed","template":"","meta":{"footnotes":""},"class_list":["post-3948","page","type-page","status-publish","hentry","page_category-de"],"_links":{"self":[{"href":"https:\/\/old.urbietorbi.gr\/de\/wp-json\/wp\/v2\/pages\/3948","targetHints":{"allow":["GET"]}}],"collection":[{"href":"https:\/\/old.urbietorbi.gr\/de\/wp-json\/wp\/v2\/pages"}],"about":[{"href":"https:\/\/old.urbietorbi.gr\/de\/wp-json\/wp\/v2\/types\/page"}],"author":[{"embeddable":true,"href":"https:\/\/old.urbietorbi.gr\/de\/wp-json\/wp\/v2\/users\/1"}],"replies":[{"embeddable":true,"href":"https:\/\/old.urbietorbi.gr\/de\/wp-json\/wp\/v2\/comments?post=3948"}],"version-history":[{"count":0,"href":"https:\/\/old.urbietorbi.gr\/de\/wp-json\/wp\/v2\/pages\/3948\/revisions"}],"up":[{"embeddable":true,"href":"https:\/\/old.urbietorbi.gr\/de\/wp-json\/wp\/v2\/pages\/3936"}],"wp:attachment":[{"href":"https:\/\/old.urbietorbi.gr\/de\/wp-json\/wp\/v2\/media?parent=3948"}],"curies":[{"name":"wp","href":"https:\/\/api.w.org\/{rel}","templated":true}]}}