{"id":3899,"date":"2017-12-20T11:27:45","date_gmt":"2017-12-20T09:27:45","guid":{"rendered":"https:\/\/old.urbietorbi.gr\/floor\/?lang=de"},"modified":"2023-09-13T03:20:33","modified_gmt":"2023-09-13T01:20:33","slug":"bodenleuchten-aus-beton","status":"publish","type":"page","link":"https:\/\/old.urbietorbi.gr\/de\/products\/beleuchtung-aus-beton\/bodenleuchten-aus-beton\/","title":{"rendered":"Bodenleuchten"},"content":{"rendered":"<div class=\"wpb-content-wrapper\"><p>[vc_row row_height_percent=&#8220;0&#8243; overlay_alpha=&#8220;50&#8243; gutter_size=&#8220;3&#8243; shift_y=&#8220;0&#8243; el_class=&#8220;.slanted-row-sec&#8220;][vc_column width=&#8220;1\/1&#8243;][vc_column_text css=&#8220;.vc_custom_1694568028098{padding-top: 50px !important;}&#8220; uncode_shortcode_id=&#8220;163707&#8243;]<\/p>\n<p style=\"text-align: center;\">Beton&#8230; das langlebigste Material f\u00fcr den Au\u00dfenbereich. Bodenleuchten f\u00fcr jeden Ort und jede Jahreszeit.<\/p>\n<p>[\/vc_column_text][uncode_index el_id=&#8220;index-119809200&#8243; loop=&#8220;size:all|order_by:menu_order|order:ASC|post_type:portfolio|tax_query:99&#8243; screen_lg=&#8220;1000&#8243; screen_md=&#8220;600&#8243; screen_sm=&#8220;480&#8243; gutter_size=&#8220;3&#8243; portfolio_items=&#8220;title,media|featured|onpost|original,text|excerpt&#8220; infinite=&#8220;yes&#8220; single_overlay_opacity=&#8220;75&#8243; single_h_align=&#8220;center&#8220; single_padding=&#8220;2&#8243; single_text_reduced=&#8220;yes&#8220; single_title_dimension=&#8220;h3&#8243; single_border=&#8220;yes&#8220;][\/vc_column][\/vc_row]<\/p>\n<\/div>","protected":false},"excerpt":{"rendered":"<p>[vc_row row_height_percent=&#8220;0&#8243; overlay_alpha=&#8220;50&#8243; gutter_size=&#8220;3&#8243; shift_y=&#8220;0&#8243; el_class=&#8220;.slanted-row-sec&#8220;][vc_column width=&#8220;1\/1&#8243;][vc_column_text css=&#8220;.vc_custom_1694568028098{padding-top: 50px !important;}&#8220; uncode_shortcode_id=&#8220;163707&#8243;] Beton&#8230; das langlebigste Material f\u00fcr den Au\u00dfenbereich. Bodenleuchten f\u00fcr [&hellip;]<\/p>\n","protected":false},"author":1,"featured_media":12918,"parent":3936,"menu_order":0,"comment_status":"closed","ping_status":"closed","template":"","meta":{"footnotes":""},"class_list":["post-3899","page","type-page","status-publish","has-post-thumbnail","hentry","page_category-de"],"_links":{"self":[{"href":"https:\/\/old.urbietorbi.gr\/de\/wp-json\/wp\/v2\/pages\/3899","targetHints":{"allow":["GET"]}}],"collection":[{"href":"https:\/\/old.urbietorbi.gr\/de\/wp-json\/wp\/v2\/pages"}],"about":[{"href":"https:\/\/old.urbietorbi.gr\/de\/wp-json\/wp\/v2\/types\/page"}],"author":[{"embeddable":true,"href":"https:\/\/old.urbietorbi.gr\/de\/wp-json\/wp\/v2\/users\/1"}],"replies":[{"embeddable":true,"href":"https:\/\/old.urbietorbi.gr\/de\/wp-json\/wp\/v2\/comments?post=3899"}],"version-history":[{"count":0,"href":"https:\/\/old.urbietorbi.gr\/de\/wp-json\/wp\/v2\/pages\/3899\/revisions"}],"up":[{"embeddable":true,"href":"https:\/\/old.urbietorbi.gr\/de\/wp-json\/wp\/v2\/pages\/3936"}],"wp:featuredmedia":[{"embeddable":true,"href":"https:\/\/old.urbietorbi.gr\/de\/wp-json\/wp\/v2\/media\/12918"}],"wp:attachment":[{"href":"https:\/\/old.urbietorbi.gr\/de\/wp-json\/wp\/v2\/media?parent=3899"}],"curies":[{"name":"wp","href":"https:\/\/api.w.org\/{rel}","templated":true}]}}