{"id":3872,"date":"2017-09-28T09:14:04","date_gmt":"2017-09-28T07:14:04","guid":{"rendered":"https:\/\/old.urbietorbi.gr\/custom\/?lang=de"},"modified":"2023-09-13T09:15:12","modified_gmt":"2023-09-13T07:15:12","slug":"sonderanfertigungen","status":"publish","type":"page","link":"https:\/\/old.urbietorbi.gr\/de\/products\/sonderanfertigungen\/","title":{"rendered":"Sonderanfertigungen"},"content":{"rendered":"<div class=\"wpb-content-wrapper\"><p>[vc_row row_height_percent=&#8220;0&#8243; overlay_alpha=&#8220;50&#8243; gutter_size=&#8220;3&#8243; shift_y=&#8220;0&#8243; el_class=&#8220;.slanted-row-sec&#8220;][vc_column width=&#8220;1\/1&#8243;][vc_column_text uncode_shortcode_id=&#8220;121396&#8243;]<\/p>\n<p style=\"text-align: center;\">Wenn zwei Menschen mit gemeinsamen Werten sich zusammenschlie\u00dfen, dann gibt es unendlich viele M\u00f6glichkeiten<br \/>\nDas Urbi et 0rbi Werkstatt \u00fcbernimmt kundenspezifische Auftr\u00e4ge. Durch unsere Erfahrung k\u00f6nnen Sie sich mit den M\u00f6glichkeiten des Betons vertraut machen, sowie mit dessen Beschr\u00e4nkungen, um Ihr eigenes Konzept zu realisieren oder mit uns ein neues Design auszuarbeiten.<br \/>\nWenn man mit uns zusammenarbeitet, sollte man verstehen, dass jedes einzigartiges Objekt, das auf die Bed\u00fcrfnisse des Kunden zugeschnitten ist, eine ebenso funktionale Alternative darstellt, wie die verf\u00fcgbaren Massenprodukte.<br \/>\nWir konzipieren und, wenn n\u00f6tig, auch konstruieren kundenspezifische Gegenst\u00e4nde und Teile, z.B. M\u00f6bel, Becken, Betonplatten und vieles mehr.<\/p>\n<p>[\/vc_column_text][vc_empty_space empty_h=&#8220;2&#8243;][uncode_index el_id=&#8220;index-90767809&#8243; isotope_mode=&#8220;fitRows&#8220; loop=&#8220;size:50|order_by:date|post_type:post|categories:198&#8243; auto_query=&#8220;yes&#8220; screen_lg=&#8220;1000&#8243; screen_md=&#8220;600&#8243; screen_sm=&#8220;480&#8243; gutter_size=&#8220;3&#8243; post_items=&#8220;media|featured|onpost|original,title,sep-one|full,text|excerpt,link|link&#8220; single_overlay_opacity=&#8220;65&#8243; single_text_visible=&#8220;yes&#8220; single_h_align=&#8220;center&#8220; single_padding=&#8220;2&#8243; single_title_dimension=&#8220;h5&#8243; single_border=&#8220;yes&#8220;][vc_empty_space empty_h=&#8220;2&#8243;][\/vc_column][\/vc_row]<\/p>\n<\/div>","protected":false},"excerpt":{"rendered":"<p>[vc_row row_height_percent=&#8220;0&#8243; overlay_alpha=&#8220;50&#8243; gutter_size=&#8220;3&#8243; shift_y=&#8220;0&#8243; el_class=&#8220;.slanted-row-sec&#8220;][vc_column width=&#8220;1\/1&#8243;][vc_column_text uncode_shortcode_id=&#8220;121396&#8243;] Wenn zwei Menschen mit gemeinsamen Werten sich zusammenschlie\u00dfen, dann gibt es unendlich [&hellip;]<\/p>\n","protected":false},"author":1,"featured_media":12804,"parent":3960,"menu_order":0,"comment_status":"closed","ping_status":"closed","template":"","meta":{"footnotes":""},"class_list":["post-3872","page","type-page","status-publish","has-post-thumbnail","hentry","page_category-cat_gen"],"_links":{"self":[{"href":"https:\/\/old.urbietorbi.gr\/de\/wp-json\/wp\/v2\/pages\/3872","targetHints":{"allow":["GET"]}}],"collection":[{"href":"https:\/\/old.urbietorbi.gr\/de\/wp-json\/wp\/v2\/pages"}],"about":[{"href":"https:\/\/old.urbietorbi.gr\/de\/wp-json\/wp\/v2\/types\/page"}],"author":[{"embeddable":true,"href":"https:\/\/old.urbietorbi.gr\/de\/wp-json\/wp\/v2\/users\/1"}],"replies":[{"embeddable":true,"href":"https:\/\/old.urbietorbi.gr\/de\/wp-json\/wp\/v2\/comments?post=3872"}],"version-history":[{"count":0,"href":"https:\/\/old.urbietorbi.gr\/de\/wp-json\/wp\/v2\/pages\/3872\/revisions"}],"up":[{"embeddable":true,"href":"https:\/\/old.urbietorbi.gr\/de\/wp-json\/wp\/v2\/pages\/3960"}],"wp:featuredmedia":[{"embeddable":true,"href":"https:\/\/old.urbietorbi.gr\/de\/wp-json\/wp\/v2\/media\/12804"}],"wp:attachment":[{"href":"https:\/\/old.urbietorbi.gr\/de\/wp-json\/wp\/v2\/media?parent=3872"}],"curies":[{"name":"wp","href":"https:\/\/api.w.org\/{rel}","templated":true}]}}