{"id":3854,"date":"2016-07-15T09:08:43","date_gmt":"2016-07-15T07:08:43","guid":{"rendered":"https:\/\/old.urbietorbi.gr\/about\/?lang=de"},"modified":"2023-09-05T11:41:30","modified_gmt":"2023-09-05T09:41:30","slug":"ueber-uns","status":"publish","type":"page","link":"https:\/\/old.urbietorbi.gr\/de\/ueber-uns\/","title":{"rendered":"\u00dcBER UNS"},"content":{"rendered":"<div class=\"wpb-content-wrapper\"><p>[vc_row unlock_row_content=&#8220;yes&#8220; row_height_percent=&#8220;60&#8243; override_padding=&#8220;yes&#8220; h_padding=&#8220;2&#8243; top_padding=&#8220;5&#8243; bottom_padding=&#8220;5&#8243; back_color=&#8220;accent&#8220; back_image=&#8220;12673&#8243; back_repeat=&#8220;no-repeat&#8220; overlay_color=&#8220;accent&#8220; overlay_alpha=&#8220;0&#8243; gutter_size=&#8220;3&#8243; column_width_percent=&#8220;100&#8243; shift_y=&#8220;0&#8243; z_index=&#8220;0&#8243; enable_bottom_divider=&#8220;default&#8220; bottom_divider_inv=&#8220;tilt&#8220; shape_bottom_invert=&#8220;yes&#8220; shape_bottom_h_use_pixel=&#8220;&#8220; shape_bottom_height=&#8220;140&#8243; shape_bottom_color=&#8220;color-xsdn&#8220; shape_bottom_opacity=&#8220;100&#8243; shape_bottom_index=&#8220;0&#8243; uncode_shortcode_id=&#8220;628468&#8243; back_color_type=&#8220;uncode-palette&#8220; overlay_color_type=&#8220;uncode-palette&#8220; shape_bottom_color_type=&#8220;uncode-palette&#8220;][vc_column column_width_use_pixel=&#8220;yes&#8220; position_vertical=&#8220;middle&#8220; align_horizontal=&#8220;align_center&#8220; gutter_size=&#8220;3&#8243; style=&#8220;dark&#8220; overlay_alpha=&#8220;50&#8243; shift_x=&#8220;0&#8243; shift_y=&#8220;0&#8243; shift_y_down=&#8220;0&#8243; z_index=&#8220;0&#8243; medium_width=&#8220;0&#8243; mobile_width=&#8220;0&#8243; sticky=&#8220;yes&#8220; width=&#8220;1\/1&#8243; column_width_pixel=&#8220;900&#8243;][vc_custom_heading text_color=&#8220;color-xsdn&#8220; heading_semantic=&#8220;h1&#8243; text_size=&#8220;h1&#8243; css_animation=&#8220;curtain&#8220; animation_delay=&#8220;200&#8243; uncode_shortcode_id=&#8220;925982&#8243; text_color_type=&#8220;uncode-palette&#8220;]<\/p>\n<h2 style=\"text-align: center;\">\u00dcber uns<\/h2>\n<p>[\/vc_custom_heading][vc_empty_space empty_h=&#8220;2&#8243;][\/vc_column][\/vc_row][vc_row row_height_percent=&#8220;0&#8243; override_padding=&#8220;yes&#8220; h_padding=&#8220;2&#8243; top_padding=&#8220;3&#8243; bottom_padding=&#8220;6&#8243; overlay_alpha=&#8220;50&#8243; gutter_size=&#8220;0&#8243; column_width_percent=&#8220;100&#8243; shift_y=&#8220;0&#8243; z_index=&#8220;0&#8243; el_class=&#8220;.slanted-row-sec&#8220; uncode_shortcode_id=&#8220;388590&#8243;][vc_column column_width_percent=&#8220;100&#8243; gutter_size=&#8220;2&#8243; overlay_alpha=&#8220;50&#8243; shift_x=&#8220;0&#8243; shift_y=&#8220;0&#8243; z_index=&#8220;0&#8243; medium_width=&#8220;0&#8243; width=&#8220;1\/1&#8243;][vc_single_image media=&#8220;202&#8243; media_width_use_pixel=&#8220;yes&#8220; alignment=&#8220;center&#8220; media_width_pixel=&#8220;112&#8243;][vc_column_text]<\/p>\n<p>Im URBI ET ORBI Werkstatt werden st\u00e4ndig neue Trends in den Bereichen Objektdesign und Produktion geboren.<\/p>\n<p>\u201e<em>Beton war schon immer das Hauptmaterial unserer Konstruktionen. Seine Verarbeitung ist unsere Spezialisierung: wir verliehen ihm Form, Farbe, Gestalt, Textur, Charakter. Was uns immer angeregt hat, sind seine unendlichen M\u00f6glichkeiten, die uns dank seiner Eigenschaften zur Verf\u00fcgung stehen. Die Einzigartigkeit jeder Konstruktion bestimmt unsere Liebesbeziehung zu diesem Material. Unsere Projekte betrafen Gro\u00dfbaukonstruktionen auf Baustellen. Alles ver\u00e4nderte sich, wenn wir unsere F\u00e4higkeiten in kleinerem Ma\u00dfstab, innerhalb des engen Werkstattraums, ausprobierten. Wir lie\u00dfen uns auf etwas v\u00f6llig Neues und gleichzeitig Bezauberndes ein. Wir brauchten nat\u00fcrlich viel Zeit, Lernen, Zeichen und Kaffee, bis unsere erste Produktionsserie 2012 zusammen mit dem \u201eURBI ET ORBI\u201c Kennzeichen fertig war.<\/em>\u201c<\/p>\n<p>Die Menschen hinter URBI ET ORBI: Obwohl wir uns zuf\u00e4llig trafen, sind wir ein Team, das seitdem zusammenarbeitet und sich einander bei der Arbeit erg\u00e4nzt. Wir achten stets auf jedes Detail, indem wir auch die Grenzen unserer Kreativit\u00e4t und Designs weit hinter uns lassen.<\/p>\n<p>Unsere Rohstoffe. \u201e<em>Beton ist \u00fcberall! Es wird in der Vergangenheit, in der Gegenwart und auf jeden Fall in der Zukunft benutzt! F\u00fcr uns hat Beton unbegrenzte M\u00f6glichkeiten, die wir m\u00f6glichst viel ausnutzen. Wir verwenden es nicht nur in seiner industriellen Form. Beton kann sich \u00fcberall anpassen, soweit es die richtige Form, Gestalt, Textur und auch Farbe hat. Wir glauben in seiner Natur und in seiner Plastizit\u00e4t. Wir respektieren seine Eigenschaften, seinen Charakter und arbeiten eintr\u00e4chtig mit ihnen. Beton ist kein tempor\u00e4rer Trend, sondern ein dauerhafter Wert. Gegenst\u00e4nde aus Beton gewinnen an Wert wegen seiner Einzigartigkeit, Charakter und Aussehen<\/em>.\u201c<\/p>\n<p>URBI ET ORBI verwendet international anerkannte, umwelt- und menschenfreundliche Materialien. Solche sind die Betonmischungen GFRC und UHPC, die anspruchsvollsten Exemplare der modernen Betonindustrie.<\/p>\n<p>Deshalb legen wir an URBI ET ORBI sichere, funktionelle und hochwertige Produkte an, die unter allen Umst\u00e4nden herausragen.<\/p>\n<p>&nbsp;<\/p>\n<p>[\/vc_column_text][\/vc_column][\/vc_row]<\/p>\n<\/div>","protected":false},"excerpt":{"rendered":"<p>[vc_row unlock_row_content=&#8220;yes&#8220; row_height_percent=&#8220;60&#8243; override_padding=&#8220;yes&#8220; h_padding=&#8220;2&#8243; top_padding=&#8220;5&#8243; bottom_padding=&#8220;5&#8243; back_color=&#8220;accent&#8220; back_image=&#8220;12673&#8243; back_repeat=&#8220;no-repeat&#8220; overlay_color=&#8220;accent&#8220; overlay_alpha=&#8220;0&#8243; gutter_size=&#8220;3&#8243; column_width_percent=&#8220;100&#8243; shift_y=&#8220;0&#8243; z_index=&#8220;0&#8243; enable_bottom_divider=&#8220;default&#8220; bottom_divider_inv=&#8220;tilt&#8220; shape_bottom_invert=&#8220;yes&#8220; shape_bottom_h_use_pixel=&#8220;&#8220; [&hellip;]<\/p>\n","protected":false},"author":1,"featured_media":0,"parent":0,"menu_order":0,"comment_status":"closed","ping_status":"closed","template":"","meta":{"footnotes":""},"class_list":["post-3854","page","type-page","status-publish","hentry"],"_links":{"self":[{"href":"https:\/\/old.urbietorbi.gr\/de\/wp-json\/wp\/v2\/pages\/3854","targetHints":{"allow":["GET"]}}],"collection":[{"href":"https:\/\/old.urbietorbi.gr\/de\/wp-json\/wp\/v2\/pages"}],"about":[{"href":"https:\/\/old.urbietorbi.gr\/de\/wp-json\/wp\/v2\/types\/page"}],"author":[{"embeddable":true,"href":"https:\/\/old.urbietorbi.gr\/de\/wp-json\/wp\/v2\/users\/1"}],"replies":[{"embeddable":true,"href":"https:\/\/old.urbietorbi.gr\/de\/wp-json\/wp\/v2\/comments?post=3854"}],"version-history":[{"count":0,"href":"https:\/\/old.urbietorbi.gr\/de\/wp-json\/wp\/v2\/pages\/3854\/revisions"}],"wp:attachment":[{"href":"https:\/\/old.urbietorbi.gr\/de\/wp-json\/wp\/v2\/media?parent=3854"}],"curies":[{"name":"wp","href":"https:\/\/api.w.org\/{rel}","templated":true}]}}