{"id":18797,"date":"2023-02-04T09:19:03","date_gmt":"2023-02-04T07:19:03","guid":{"rendered":"https:\/\/old.urbietorbi.gr\/?page_id=18797"},"modified":"2023-09-13T04:10:14","modified_gmt":"2023-09-13T02:10:14","slug":"betonmoebel","status":"publish","type":"page","link":"https:\/\/old.urbietorbi.gr\/de\/products\/betonmoebel\/","title":{"rendered":"M\u00f6blierung"},"content":{"rendered":"<div class=\"wpb-content-wrapper\"><p>[vc_row row_height_percent=&#8220;0&#8243; overlay_alpha=&#8220;50&#8243; gutter_size=&#8220;3&#8243; shift_y=&#8220;0&#8243; el_class=&#8220;.slanted-row-sec&#8220;][vc_column width=&#8220;1\/1&#8243;][vc_column_text css=&#8220;.vc_custom_1694571007094{padding-top: 50px !important;}&#8220; uncode_shortcode_id=&#8220;105168&#8243;]<\/p>\n<p style=\"text-align: center;\">Tische f\u00fcr Innen und Au\u00dfen. Terrazzo- und Betonoberfl\u00e4che in vielen Farboptionen.Alle M\u00f6belst\u00fccke sind in unserem Zero Waste Projekt enthalten. Jedes einzelne von ihnen besteht zu einem Prozentsatz aus recycelten Materialien, wie durch die Zahl im Recycling-Logo auf ihrer Seite angegeben. Diese Produkte tragen dazu bei, das &#8218;Recyclinggehalt&#8216;-Guthaben im LEED\u00ae-Zertifizierungssystem zu erf\u00fcllen.<br \/>\n<img decoding=\"async\" class=\"wp-image-19930 aligncenter\" src=\"https:\/\/old.urbietorbi.gr\/wp-content\/uploads\/2023\/05\/LOGO-WASTE-without-number2.png\" alt=\"\" width=\"135\" height=\"135\" srcset=\"https:\/\/old.urbietorbi.gr\/wp-content\/uploads\/2023\/05\/LOGO-WASTE-without-number2.png 1000w, https:\/\/old.urbietorbi.gr\/wp-content\/uploads\/2023\/05\/LOGO-WASTE-without-number2-300x300.png 300w, https:\/\/old.urbietorbi.gr\/wp-content\/uploads\/2023\/05\/LOGO-WASTE-without-number2-100x100.png 100w, https:\/\/old.urbietorbi.gr\/wp-content\/uploads\/2023\/05\/LOGO-WASTE-without-number2-600x600.png 600w, https:\/\/old.urbietorbi.gr\/wp-content\/uploads\/2023\/05\/LOGO-WASTE-without-number2-150x150.png 150w, https:\/\/old.urbietorbi.gr\/wp-content\/uploads\/2023\/05\/LOGO-WASTE-without-number2-768x768.png 768w\" sizes=\"(max-width: 135px) 100vw, 135px\" \/><\/p>\n<p>[\/vc_column_text][uncode_index el_id=&#8220;index-1198067&#8243; loop=&#8220;size:all|order_by:menu_order|order:ASC|post_type:portfolio|tax_query:1252&#8243; screen_lg=&#8220;1000&#8243; screen_md=&#8220;600&#8243; screen_sm=&#8220;480&#8243; gutter_size=&#8220;3&#8243; portfolio_items=&#8220;title,media|featured|onpost|original,text|excerpt&#8220; infinite=&#8220;yes&#8220; single_overlay_opacity=&#8220;75&#8243; single_h_align=&#8220;center&#8220; single_padding=&#8220;2&#8243; single_text_reduced=&#8220;yes&#8220; single_title_dimension=&#8220;h3&#8243; single_border=&#8220;yes&#8220;][\/vc_column][\/vc_row]<\/p>\n<\/div>","protected":false},"excerpt":{"rendered":"<p>[vc_row row_height_percent=&#8220;0&#8243; overlay_alpha=&#8220;50&#8243; gutter_size=&#8220;3&#8243; shift_y=&#8220;0&#8243; el_class=&#8220;.slanted-row-sec&#8220;][vc_column width=&#8220;1\/1&#8243;][vc_column_text css=&#8220;.vc_custom_1694571007094{padding-top: 50px !important;}&#8220; uncode_shortcode_id=&#8220;105168&#8243;] Tische f\u00fcr Innen und Au\u00dfen. Terrazzo- und Betonoberfl\u00e4che in [&hellip;]<\/p>\n","protected":false},"author":7,"featured_media":0,"parent":3960,"menu_order":0,"comment_status":"closed","ping_status":"closed","template":"","meta":{"footnotes":""},"class_list":["post-18797","page","type-page","status-publish","hentry"],"_links":{"self":[{"href":"https:\/\/old.urbietorbi.gr\/de\/wp-json\/wp\/v2\/pages\/18797","targetHints":{"allow":["GET"]}}],"collection":[{"href":"https:\/\/old.urbietorbi.gr\/de\/wp-json\/wp\/v2\/pages"}],"about":[{"href":"https:\/\/old.urbietorbi.gr\/de\/wp-json\/wp\/v2\/types\/page"}],"author":[{"embeddable":true,"href":"https:\/\/old.urbietorbi.gr\/de\/wp-json\/wp\/v2\/users\/7"}],"replies":[{"embeddable":true,"href":"https:\/\/old.urbietorbi.gr\/de\/wp-json\/wp\/v2\/comments?post=18797"}],"version-history":[{"count":0,"href":"https:\/\/old.urbietorbi.gr\/de\/wp-json\/wp\/v2\/pages\/18797\/revisions"}],"up":[{"embeddable":true,"href":"https:\/\/old.urbietorbi.gr\/de\/wp-json\/wp\/v2\/pages\/3960"}],"wp:attachment":[{"href":"https:\/\/old.urbietorbi.gr\/de\/wp-json\/wp\/v2\/media?parent=18797"}],"curies":[{"name":"wp","href":"https:\/\/api.w.org\/{rel}","templated":true}]}}